{"id":1687,"date":"2025-03-06T15:17:01","date_gmt":"2025-03-06T14:17:01","guid":{"rendered":"https:\/\/arbovitaclinic.com\/?page_id=1687"},"modified":"2025-03-06T15:17:02","modified_gmt":"2025-03-06T14:17:02","slug":"konsultacja-poloznicza","status":"publish","type":"page","link":"https:\/\/arbovitaclinic.com\/ua\/ginekolog\/konsultacja-poloznicza\/","title":{"rendered":"Konsultacja po\u0142o\u017cnicza"},"content":{"rendered":"<div data-elementor-type=\"wp-page\" data-elementor-id=\"1687\" class=\"elementor elementor-1687\">\n\t\t\t\t\t\t<section class=\"elementor-section elementor-top-section elementor-element elementor-element-f0ed07b elementor-section-content-middle elementor-section-boxed elementor-section-height-default elementor-section-height-default\" data-id=\"f0ed07b\" data-element_type=\"section\" data-settings=\"{&quot;background_background&quot;:&quot;classic&quot;}\">\n\t\t\t\t\t\t\t<div class=\"elementor-background-overlay\"><\/div>\n\t\t\t\t\t\t\t<div class=\"elementor-container elementor-column-gap-no\">\n\t\t\t\t\t<div class=\"elementor-column elementor-col-100 elementor-top-column elementor-element elementor-element-1b52cfe\" data-id=\"1b52cfe\" data-element_type=\"column\">\n\t\t\t<div class=\"elementor-widget-wrap elementor-element-populated\">\n\t\t\t\t\t\t<div class=\"elementor-element elementor-element-4e4e754 elementor-widget elementor-widget-heading\" data-id=\"4e4e754\" data-element_type=\"widget\" data-widget_type=\"heading.default\">\n\t\t\t\t<div class=\"elementor-widget-container\">\n\t\t\t\t\t<h1 class=\"elementor-heading-title elementor-size-default\">Konsultacja po\u0142o\u017cnicza<\/h1>\t\t\t\t<\/div>\n\t\t\t\t<\/div>\n\t\t\t\t<div class=\"elementor-element elementor-element-36c1a2c elementor-widget elementor-widget-heading\" data-id=\"36c1a2c\" data-element_type=\"widget\" data-widget_type=\"heading.default\">\n\t\t\t\t<div class=\"elementor-widget-container\">\n\t\t\t\t\t<h5 class=\"elementor-heading-title elementor-size-default\">Zapewniamy kompleksowe us\u0142ugi z zakresu ginekologii<\/h5>\t\t\t\t<\/div>\n\t\t\t\t<\/div>\n\t\t\t\t\t<\/div>\n\t\t<\/div>\n\t\t\t\t\t<\/div>\n\t\t<\/section>\n\t\t\t\t<section class=\"elementor-section elementor-top-section elementor-element elementor-element-1a50128 elementor-section-content-middle elementor-section-boxed elementor-section-height-default elementor-section-height-default\" data-id=\"1a50128\" data-element_type=\"section\">\n\t\t\t\t\t\t<div class=\"elementor-container elementor-column-gap-no\">\n\t\t\t\t\t<div class=\"elementor-column elementor-col-50 elementor-top-column elementor-element elementor-element-d670cb4\" data-id=\"d670cb4\" data-element_type=\"column\">\n\t\t\t<div class=\"elementor-widget-wrap elementor-element-populated\">\n\t\t\t\t\t\t<div class=\"elementor-element elementor-element-f613a07 elementor-widget elementor-widget-heading\" data-id=\"f613a07\" data-element_type=\"widget\" data-widget_type=\"heading.default\">\n\t\t\t\t<div class=\"elementor-widget-container\">\n\t\t\t\t\t<h2 class=\"elementor-heading-title elementor-size-default\">Na czym polega konsultacja po\u0142o\u017cnicza?<\/h2>\t\t\t\t<\/div>\n\t\t\t\t<\/div>\n\t\t\t\t\t<\/div>\n\t\t<\/div>\n\t\t\t\t<div class=\"elementor-column elementor-col-50 elementor-top-column elementor-element elementor-element-13e6e86\" data-id=\"13e6e86\" data-element_type=\"column\">\n\t\t\t<div class=\"elementor-widget-wrap elementor-element-populated\">\n\t\t\t\t\t\t<div class=\"elementor-element elementor-element-d2cc906 elementor-widget elementor-widget-text-editor\" data-id=\"d2cc906\" data-element_type=\"widget\" data-widget_type=\"text-editor.default\">\n\t\t\t\t<div class=\"elementor-widget-container\">\n\t\t\t\t\t\t\t\t\t<p>Konsultacja po\u0142o\u017cnicza\u00a0to kompleksowe wsparcie i edukacja, kt\u00f3re pomagaj\u0105 kobiecie przej\u015b\u0107 przez okres ci\u0105\u017cy z pe\u0142nym zrozumieniem jej potrzeb oraz zdrowia dziecka. W trakcie wizyty omawiane s\u0105 kluczowe aspekty dotycz\u0105ce ci\u0105\u017cy i porodu, takie jak edukacja oko\u0142oporodowa, kt\u00f3ra wyja\u015bnia szczeg\u00f3\u0142y przebiegu ci\u0105\u017cy i porodu, przygotowanie do narodzin dziecka oraz post\u0119powanie po porodzie.<\/p><p>Podczas konsultacji poruszane s\u0105 tak\u017ce tematy diety w ci\u0105\u017cy, aby zapewni\u0107 odpowiedni\u0105 ilo\u015b\u0107 sk\u0142adnik\u00f3w od\u017cywczych zar\u00f3wno matce, jak i dziecku. Specjalista doradza w zakresie odpowiednich \u0107wicze\u0144, kt\u00f3re wspieraj\u0105 zdrowie i samopoczucie przysz\u0142ej mamy, a tak\u017ce w wyborze wygodnego stroju przystosowanego do zmieniaj\u0105cego si\u0119 cia\u0142a.<\/p><p>Nie brakuje r\u00f3wnie\u017c miejsca na rozmowy o wsp\u00f3\u0142\u017cyciu w czasie ci\u0105\u017cy, kt\u00f3re wzbudza wiele pyta\u0144 i w\u0105tpliwo\u015bci. Po\u0142o\u017cna szczeg\u00f3\u0142owo wyja\u015bnia tak\u017ce kolejne etapy porodu oraz pierwsze dni z noworodkiem, aby\u015b mog\u0142a czu\u0107 si\u0119 pewnie i przygotowana do tej wyj\u0105tkowej, ale i nowej w Twoim \u017cyciu roli.<\/p>\t\t\t\t\t\t\t\t<\/div>\n\t\t\t\t<\/div>\n\t\t\t\t\t<\/div>\n\t\t<\/div>\n\t\t\t\t\t<\/div>\n\t\t<\/section>\n\t\t\t\t<section class=\"elementor-section elementor-top-section elementor-element elementor-element-95bd934 elementor-section-content-middle elementor-section-boxed elementor-section-height-default elementor-section-height-default\" data-id=\"95bd934\" data-element_type=\"section\">\n\t\t\t\t\t\t<div class=\"elementor-container elementor-column-gap-no\">\n\t\t\t\t\t<div class=\"elementor-column elementor-col-50 elementor-top-column elementor-element elementor-element-0cb5077\" data-id=\"0cb5077\" data-element_type=\"column\">\n\t\t\t<div class=\"elementor-widget-wrap elementor-element-populated\">\n\t\t\t\t\t\t<div class=\"elementor-element elementor-element-d10fb49 elementor-widget elementor-widget-heading\" data-id=\"d10fb49\" data-element_type=\"widget\" data-widget_type=\"heading.default\">\n\t\t\t\t<div class=\"elementor-widget-container\">\n\t\t\t\t\t<h2 class=\"elementor-heading-title elementor-size-default\">Konsultacja po\u0142o\u017cnicza w Krakowie \u2013 kiedy kobieta powinna si\u0119 zg\u0142osi\u0107\n<\/h2>\t\t\t\t<\/div>\n\t\t\t\t<\/div>\n\t\t\t\t\t<\/div>\n\t\t<\/div>\n\t\t\t\t<div class=\"elementor-column elementor-col-50 elementor-top-column elementor-element elementor-element-fdb42a4\" data-id=\"fdb42a4\" data-element_type=\"column\">\n\t\t\t<div class=\"elementor-widget-wrap elementor-element-populated\">\n\t\t\t\t\t\t<div class=\"elementor-element elementor-element-3340ba3 elementor-widget elementor-widget-text-editor\" data-id=\"3340ba3\" data-element_type=\"widget\" data-widget_type=\"text-editor.default\">\n\t\t\t\t<div class=\"elementor-widget-container\">\n\t\t\t\t\t\t\t\t\t<p>Warto rozwa\u017cy\u0107 konsultacj\u0119 po\u0142o\u017cnicz\u0105 ju\u017c na etapie planowania ci\u0105\u017cy lub w jej pocz\u0105tkowych tygodniach. Regularne wizyty pomagaj\u0105 monitorowa\u0107 stan zdrowia matki i dziecka, minimalizuj\u0105c ryzyko ewentualnych komplikacji. W Krakowie mo\u017cesz skorzysta\u0107 z profesjonalnych us\u0142ug, kt\u00f3re obejmuj\u0105 pe\u0142ne wsparcie medyczne oraz psychologiczne w ka\u017cdym trymestrze ci\u0105\u017cy.<\/p><p>Je\u015bli masz pytania dotycz\u0105ce Twojego zdrowia, obawiasz si\u0119 b\u00f3lu porodowego lub potrzebujesz indywidualnej porady, nie czekaj.\u00a0Konsultacja po\u0142o\u017cnicza w Krakowie\u00a0jest tak\u017ce polecana kobietom, kt\u00f3re planuj\u0105 powr\u00f3t do aktywno\u015bci fizycznej po porodzie lub maj\u0105 trudno\u015bci z karmieniem piersi\u0105.<\/p>\t\t\t\t\t\t\t\t<\/div>\n\t\t\t\t<\/div>\n\t\t\t\t\t<\/div>\n\t\t<\/div>\n\t\t\t\t\t<\/div>\n\t\t<\/section>\n\t\t\t\t<section class=\"elementor-section elementor-top-section elementor-element elementor-element-1904561 elementor-section-content-middle elementor-section-boxed elementor-section-height-default elementor-section-height-default\" data-id=\"1904561\" data-element_type=\"section\">\n\t\t\t\t\t\t<div class=\"elementor-container elementor-column-gap-no\">\n\t\t\t\t\t<div class=\"elementor-column elementor-col-50 elementor-top-column elementor-element elementor-element-3514c81\" data-id=\"3514c81\" data-element_type=\"column\">\n\t\t\t<div class=\"elementor-widget-wrap elementor-element-populated\">\n\t\t\t\t\t\t<div class=\"elementor-element elementor-element-1afef46 elementor-widget elementor-widget-heading\" data-id=\"1afef46\" data-element_type=\"widget\" data-widget_type=\"heading.default\">\n\t\t\t\t<div class=\"elementor-widget-container\">\n\t\t\t\t\t<h2 class=\"elementor-heading-title elementor-size-default\">Konsultacja po\u0142o\u017cnicza \u2013 cennik i zakres us\u0142ug\n<\/h2>\t\t\t\t<\/div>\n\t\t\t\t<\/div>\n\t\t\t\t\t<\/div>\n\t\t<\/div>\n\t\t\t\t<div class=\"elementor-column elementor-col-50 elementor-top-column elementor-element elementor-element-f8440da\" data-id=\"f8440da\" data-element_type=\"column\">\n\t\t\t<div class=\"elementor-widget-wrap elementor-element-populated\">\n\t\t\t\t\t\t<div class=\"elementor-element elementor-element-77d4fb2 elementor-widget elementor-widget-text-editor\" data-id=\"77d4fb2\" data-element_type=\"widget\" data-widget_type=\"text-editor.default\">\n\t\t\t\t<div class=\"elementor-widget-container\">\n\t\t\t\t\t\t\t\t\t<p>Cena konsultacji po\u0142o\u017cniczej zale\u017cy od zakresu \u015bwiadczonych us\u0142ug oraz liczby wizyt. W jej ramach mo\u017cesz liczy\u0107 na szczeg\u00f3\u0142owe om\u00f3wienie przebiegu ci\u0105\u017cy, planowanie diety, dob\u00f3r \u0107wicze\u0144 i wsparcie w przygotowaniach do porodu.<\/p><p>Nasze us\u0142ugi obejmuj\u0105 mi\u0119dzy innymi:<\/p><ul><li>regularne wizyty kontrolne,<\/li><li>om\u00f3wienie szczeg\u00f3\u0142\u00f3w dotycz\u0105cych porodu,<\/li><li>wsparcie w zakresie opieki nad noworodkiem,<\/li><li>porady zwi\u0105zane z karmieniem i zdrowiem po porodzie.<\/li><\/ul><p>Przed um\u00f3wieniem wizyty warto zapozna\u0107 si\u0119 z ofert\u0105 naszej plac\u00f3wki i upewni\u0107 si\u0119, \u017ce odpowiada Twoim potrzebom. Dzi\u0119ki konsultacji zyskasz pewno\u015b\u0107, \u017ce zar\u00f3wno Ty, jak i Twoje dziecko jeste\u015bcie pod najlepsz\u0105 opiek\u0105. Warto zobaczy\u0107, jak wygl\u0105da\u00a0konsultacja po\u0142o\u017cnicza, cennik\u00a0dodatkowo b\u0119dzie pomocny w podj\u0119ciu decyzji. W naszym przypadku taka konsultacja to koszt 250 z\u0142otych.<\/p><p>Zaufany\u00a0<a href=\"https:\/\/arbovitaclinic.com\/ginekolog\/\" target=\"_blank\" rel=\"noopener\" data-saferedirecturl=\"https:\/\/www.google.com\/url?q=https:\/\/arbovitaclinic.com\/ginekolog\/&amp;source=gmail&amp;ust=1741348175353000&amp;usg=AOvVaw2EFI5TEGFMEBBAIFNwqAfO\">ginekolog<\/a>\u00a0to podstawa, aby czu\u0107 si\u0119 zaopiekowan\u0105.<\/p>\t\t\t\t\t\t\t\t<\/div>\n\t\t\t\t<\/div>\n\t\t\t\t\t<\/div>\n\t\t<\/div>\n\t\t\t\t\t<\/div>\n\t\t<\/section>\n\t\t\t\t<section class=\"elementor-section elementor-top-section elementor-element elementor-element-be540e5 elementor-section-boxed elementor-section-height-default elementor-section-height-default\" data-id=\"be540e5\" data-element_type=\"section\">\n\t\t\t\t\t\t<div class=\"elementor-container elementor-column-gap-default\">\n\t\t\t\t\t<div class=\"elementor-column elementor-col-100 elementor-top-column elementor-element elementor-element-ca3257b\" data-id=\"ca3257b\" data-element_type=\"column\">\n\t\t\t<div class=\"elementor-widget-wrap elementor-element-populated\">\n\t\t\t\t\t\t<div class=\"elementor-element elementor-element-1682a6c elementor-widget elementor-widget-spacer\" data-id=\"1682a6c\" data-element_type=\"widget\" data-widget_type=\"spacer.default\">\n\t\t\t\t<div class=\"elementor-widget-container\">\n\t\t\t\t\t\t\t<div class=\"elementor-spacer\">\n\t\t\t<div class=\"elementor-spacer-inner\"><\/div>\n\t\t<\/div>\n\t\t\t\t\t\t<\/div>\n\t\t\t\t<\/div>\n\t\t\t\t\t<\/div>\n\t\t<\/div>\n\t\t\t\t\t<\/div>\n\t\t<\/section>\n\t\t\t\t<section class=\"elementor-section elementor-top-section elementor-element elementor-element-c74db4a elementor-section-boxed elementor-section-height-default elementor-section-height-default\" data-id=\"c74db4a\" data-element_type=\"section\">\n\t\t\t\t\t\t<div class=\"elementor-container elementor-column-gap-default\">\n\t\t\t\t\t<div class=\"elementor-column elementor-col-100 elementor-top-column elementor-element elementor-element-dfa54d9\" data-id=\"dfa54d9\" data-element_type=\"column\">\n\t\t\t<div class=\"elementor-widget-wrap elementor-element-populated\">\n\t\t\t\t\t\t<div class=\"elementor-element elementor-element-33fae25 elementor-widget elementor-widget-heading\" data-id=\"33fae25\" data-element_type=\"widget\" data-widget_type=\"heading.default\">\n\t\t\t\t<div class=\"elementor-widget-container\">\n\t\t\t\t\t<h2 class=\"elementor-heading-title elementor-size-default\">Um\u00f3w wizyt\u0119:<\/h2>\t\t\t\t<\/div>\n\t\t\t\t<\/div>\n\t\t\t\t\t<\/div>\n\t\t<\/div>\n\t\t\t\t\t<\/div>\n\t\t<\/section>\n\t\t\t\t<section class=\"elementor-section elementor-top-section elementor-element elementor-element-567881c elementor-section-boxed elementor-section-height-default elementor-section-height-default\" data-id=\"567881c\" data-element_type=\"section\">\n\t\t\t\t\t\t<div class=\"elementor-container elementor-column-gap-default\">\n\t\t\t\t\t<div class=\"elementor-column elementor-col-100 elementor-top-column elementor-element elementor-element-c2bd242\" data-id=\"c2bd242\" data-element_type=\"column\" data-settings=\"{&quot;background_background&quot;:&quot;classic&quot;}\">\n\t\t\t<div class=\"elementor-widget-wrap elementor-element-populated\">\n\t\t\t\t\t\t<div class=\"elementor-element elementor-element-529d938 elementor-widget elementor-widget-spacer\" data-id=\"529d938\" data-element_type=\"widget\" data-widget_type=\"spacer.default\">\n\t\t\t\t<div class=\"elementor-widget-container\">\n\t\t\t\t\t\t\t<div class=\"elementor-spacer\">\n\t\t\t<div class=\"elementor-spacer-inner\"><\/div>\n\t\t<\/div>\n\t\t\t\t\t\t<\/div>\n\t\t\t\t<\/div>\n\t\t\t\t<div class=\"elementor-element elementor-element-53be1d8 elementor-widget elementor-widget-shortcode\" data-id=\"53be1d8\" data-element_type=\"widget\" data-widget_type=\"shortcode.default\">\n\t\t\t\t<div class=\"elementor-widget-container\">\n\t\t\t\t\t\t\t<div class=\"elementor-shortcode\">\n<div class=\"wpcf7 no-js\" id=\"wpcf7-f405-o1\" lang=\"pl-PL\" dir=\"ltr\" data-wpcf7-id=\"405\">\n<div class=\"screen-reader-response\"><p role=\"status\" aria-live=\"polite\" aria-atomic=\"true\"><\/p> <ul><\/ul><\/div>\n<form action=\"\/ua\/wp-json\/wp\/v2\/pages\/1687#wpcf7-f405-o1\" method=\"post\" class=\"wpcf7-form init\" aria-label=\"Formularz kontaktowy\" novalidate=\"novalidate\" data-status=\"init\" data-trp-original-action=\"\/ua\/wp-json\/wp\/v2\/pages\/1687#wpcf7-f405-o1\">\n<fieldset class=\"hidden-fields-container\"><input type=\"hidden\" name=\"_wpcf7\" value=\"405\" \/><input type=\"hidden\" name=\"_wpcf7_version\" value=\"6.1.1\" \/><input type=\"hidden\" name=\"_wpcf7_locale\" value=\"pl_PL\" \/><input type=\"hidden\" name=\"_wpcf7_unit_tag\" value=\"wpcf7-f405-o1\" \/><input type=\"hidden\" name=\"_wpcf7_container_post\" value=\"0\" \/><input type=\"hidden\" name=\"_wpcf7_posted_data_hash\" value=\"\" \/><input type=\"hidden\" name=\"_wpcf7_recaptcha_response\" value=\"\" \/>\n<\/fieldset>\n<div class=\"container\">\n\t<div class=\"row mb-4\">\n\t\t<div class=\"col col-12\">\n\t\t\t<p><span class=\"wpcf7-form-control-wrap\" data-name=\"doctor\"><select class=\"wpcf7-form-control wpcf7-select wpcf7-validates-as-required form-control\" aria-required=\"true\" aria-invalid=\"false\" name=\"doctor\"><option value=\"Wybierz lekarza\">Wybierz lekarza<\/option><option value=\"Monika \u015alusarczyk-Pi\u00f3rek (endokrynologia)\">Monika \u015alusarczyk-Pi\u00f3rek (endokrynologia)<\/option><option value=\"Tetiana Zakharchuk (psychiatria)\">Tetiana Zakharchuk (psychiatria)<\/option><option value=\"Tetiana Demyda (pediatria)\">Tetiana Demyda (pediatria)<\/option><option value=\"Jakub Szczerba (Ortopedia,Chirurgia urazowo-ortopedyczna)\">Jakub Szczerba (Ortopedia,Chirurgia urazowo-ortopedyczna)<\/option><option value=\"Karol Nowak (kardiologia)\">Karol Nowak (kardiologia)<\/option><option value=\"Lesia Vovnianko (psychiatria)\">Lesia Vovnianko (psychiatria)<\/option><option value=\"Olesia Parashchuk (psychiatria)\">Olesia Parashchuk (psychiatria)<\/option><option value=\"Olga Sobczak (otolaryngologia)\">Olga Sobczak (otolaryngologia)<\/option><option value=\"Oleksander Soroka (ortopedia)\">Oleksander Soroka (ortopedia)<\/option><option value=\"Anna Tarczy\u0144ska (ginekologia i po\u0142o\u017cnictwo)\">Anna Tarczy\u0144ska (ginekologia i po\u0142o\u017cnictwo)<\/option><option value=\"Viacheslav Biletskyi (POZ, kardiologia)\">Viacheslav Biletskyi (POZ, kardiologia)<\/option><option value=\"Konrad St\u0119pie\u0144 (kardiologia)\">Konrad St\u0119pie\u0144 (kardiologia)<\/option><option value=\"Nikulina Nataliia (neurologia)\">Nikulina Nataliia (neurologia)<\/option><option value=\"Gabriela Blat (fizjoterapia)\">Gabriela Blat (fizjoterapia)<\/option><option value=\"Olena Yermolina (ginekologia)\">Olena Yermolina (ginekologia)<\/option><option value=\"Yuliia Demchenko (dermatologia)\">Yuliia Demchenko (dermatologia)<\/option><option value=\"Anastasiia Shcherbatiuk (pediatria)\">Anastasiia Shcherbatiuk (pediatria)<\/option><option value=\"mgr Maria Przyborowska-Sapek (dietetyk)\">mgr Maria Przyborowska-Sapek (dietetyk)<\/option><option value=\"Anna Tsvietkova-Kaniuk (pediatria, medycyna rodzinna)\">Anna Tsvietkova-Kaniuk (pediatria, medycyna rodzinna)<\/option><option value=\"Denys Diachuk (urologia)\">Denys Diachuk (urologia)<\/option><option value=\"Anhzelika Diachuk (ginekologia, medycyna estetyczna)\">Anhzelika Diachuk (ginekologia, medycyna estetyczna)<\/option><option value=\"Diana Pawluk-\u015aliwi\u0144ska (medycyna estetyczna)\">Diana Pawluk-\u015aliwi\u0144ska (medycyna estetyczna)<\/option><option value=\"Krzysztof \u015aliwi\u0144ski (chirurgia szcz\u0119kowo-twarzowa)\">Krzysztof \u015aliwi\u0144ski (chirurgia szcz\u0119kowo-twarzowa)<\/option><option value=\"Anna Ko\u017alik (logopeda)\">Anna Ko\u017alik (logopeda)<\/option><option value=\"Marcin Wilk (chirurgia estetczna)\">Marcin Wilk (chirurgia estetczna)<\/option><\/select><\/span>\n\t\t\t<\/p>\n\t\t<\/div>\n\t<\/div>\n\t<div class=\"row\">\n\t\t<div class=\"col col-6\">\n\t\t\t<p><span class=\"wpcf7-form-control-wrap\" data-name=\"firstname\"><input size=\"40\" maxlength=\"400\" class=\"wpcf7-form-control wpcf7-text wpcf7-validates-as-required form-control\" aria-required=\"true\" aria-invalid=\"false\" placeholder=\"\u0406\u043c&#039;\u044f\" value=\"\" type=\"text\" name=\"firstname\" \/><\/span>\n\t\t\t<\/p>\n\t\t<\/div>\n\t\t<div class=\"col col-6\">\n\t\t\t<p><span class=\"wpcf7-form-control-wrap\" data-name=\"surname\"><input size=\"40\" maxlength=\"400\" class=\"wpcf7-form-control wpcf7-text wpcf7-validates-as-required form-control\" aria-required=\"true\" aria-invalid=\"false\" placeholder=\"\u041f\u0440\u0456\u0437\u0432\u0438\u0449\u0435\" value=\"\" type=\"text\" name=\"surname\" \/><\/span>\n\t\t\t<\/p>\n\t\t<\/div>\n\t<\/div>\n\t<div class=\"row\">\n\t\t<div class=\"col col-6\">\n\t\t\t<p><span class=\"wpcf7-form-control-wrap\" data-name=\"phone\"><input size=\"40\" maxlength=\"400\" class=\"wpcf7-form-control wpcf7-text wpcf7-validates-as-required form-control\" aria-required=\"true\" aria-invalid=\"false\" placeholder=\"\u0442\u0435\u043b\u0435\u0444\u043e\u043d\" value=\"\" type=\"text\" name=\"phone\" \/><\/span>\n\t\t\t<\/p>\n\t\t<\/div>\n\t\t<div class=\"col col-6\">\n\t\t\t<p><span class=\"wpcf7-form-control-wrap\" data-name=\"mail\"><input size=\"40\" maxlength=\"400\" class=\"wpcf7-form-control wpcf7-email wpcf7-validates-as-required wpcf7-text wpcf7-validates-as-email form-control\" aria-required=\"true\" aria-invalid=\"false\" placeholder=\"\u0415\u043b\u0435\u043a\u0442\u0440\u043e\u043d\u043d\u0430 \u043f\u043e\u0448\u0442\u0430\" value=\"\" type=\"email\" name=\"mail\" \/><\/span>\n\t\t\t<\/p>\n\t\t<\/div>\n\t<\/div>\n\t<div class=\"row\">\n\t\t<div class=\"col col-12\">\n\t\t\t<p><input class=\"wpcf7-form-control wpcf7-submit has-spinner btn-gold\" type=\"submit\" value=\"Zapytaj o wolny termin\" \/>\n\t\t\t<\/p>\n\t\t<\/div>\n\t<\/div>\n<\/div><div class=\"wpcf7-response-output\" aria-hidden=\"true\"><\/div>\n<input type=\"hidden\" name=\"trp-form-language\" value=\"ua\"\/><\/form>\n<\/div>\n<\/div>\n\t\t\t\t\t\t<\/div>\n\t\t\t\t<\/div>\n\t\t\t\t<div class=\"elementor-element elementor-element-4429308 elementor-widget elementor-widget-spacer\" data-id=\"4429308\" data-element_type=\"widget\" data-widget_type=\"spacer.default\">\n\t\t\t\t<div class=\"elementor-widget-container\">\n\t\t\t\t\t\t\t<div class=\"elementor-spacer\">\n\t\t\t<div class=\"elementor-spacer-inner\"><\/div>\n\t\t<\/div>\n\t\t\t\t\t\t<\/div>\n\t\t\t\t<\/div>\n\t\t\t\t<div class=\"elementor-element elementor-element-9022e90 elementor-drop-cap-yes elementor-drop-cap-view-default elementor-widget elementor-widget-text-editor\" data-id=\"9022e90\" data-element_type=\"widget\" data-settings=\"{&quot;drop_cap&quot;:&quot;yes&quot;}\" data-widget_type=\"text-editor.default\">\n\t\t\t\t<div class=\"elementor-widget-container\">\n\t\t\t\t\t\t\t\t\t<h2>Lub um\u00f3w wizyt\u0119 bezpo\u015brednio do lekarza klikaj\u0105c w poni\u017cszy przycisk<\/h2>\t\t\t\t\t\t\t\t<\/div>\n\t\t\t\t<\/div>\n\t\t\t\t\t<\/div>\n\t\t<\/div>\n\t\t\t\t\t<\/div>\n\t\t<\/section>\n\t\t\t\t<section class=\"elementor-section elementor-top-section elementor-element elementor-element-f0010d1 elementor-section-boxed elementor-section-height-default elementor-section-height-default\" data-id=\"f0010d1\" data-element_type=\"section\">\n\t\t\t\t\t\t<div class=\"elementor-container elementor-column-gap-default\">\n\t\t\t\t\t<div class=\"elementor-column elementor-col-33 elementor-top-column elementor-element elementor-element-de55c58\" data-id=\"de55c58\" data-element_type=\"column\">\n\t\t\t<div class=\"elementor-widget-wrap elementor-element-populated\">\n\t\t\t\t\t\t<div class=\"elementor-element elementor-element-dbffdbe elementor-widget elementor-widget-html\" data-id=\"dbffdbe\" data-element_type=\"widget\" data-widget_type=\"html.default\">\n\t\t\t\t<div class=\"elementor-widget-container\">\n\t\t\t\t\t<button\n    class=\"btn-mydr-pp\"\n    data-doctor=\"\"\n    data-speciality=\"\"\n    data-visitkind=\"Prywatna\"\n    data-evisit=\"true\"\n    data-appname=\"drw\"\n    data-token=\"eyJhbGciOiJIUzI1NiIsInR5cCI6IkpXVCJ9.eyJmYWNpbGl0eV9pZCI6MjIwNzF9.Ldc2sMtzHyG2h-25h1WSTf4c_bs5pOnbJ2TO5GIVwdI\"\n>\n<\/button>\t\t\t\t<\/div>\n\t\t\t\t<\/div>\n\t\t\t\t\t<\/div>\n\t\t<\/div>\n\t\t\t\t<div class=\"elementor-column elementor-col-33 elementor-top-column elementor-element elementor-element-21c3f04\" data-id=\"21c3f04\" data-element_type=\"column\">\n\t\t\t<div class=\"elementor-widget-wrap elementor-element-populated\">\n\t\t\t\t\t\t<div class=\"elementor-element elementor-element-49b1ed6 elementor-widget elementor-widget-html\" data-id=\"49b1ed6\" data-element_type=\"widget\" data-widget_type=\"html.default\">\n\t\t\t\t<div class=\"elementor-widget-container\">\n\t\t\t\t\t<a class=\"zl-facility-url\" href=\"https:\/\/www.znanylekarz.pl\/placowki\/arbovita-medical-health-center\" rel=\"nofollow noopener\" data-zlw-facility=\"arbovita-medical-health-center\" data-zlw-type=\"facility-big-with-saas-only\" data-zlw-saas-only=\"true\">Arbovita Medical Health Center<\/a><script>!function($_x,_s,id){var js,fjs=$_x.getElementsByTagName(_s)[0];if(!$_x.getElementById(id)){js = $_x.createElement(_s);js.id = id;js.src = \"\/\/platform.docplanner.com\/js\/widget.js\";fjs.parentNode.insertBefore(js,fjs);}}(document,\"script\",\"zl-widget-s\");<\/script>\t\t\t\t<\/div>\n\t\t\t\t<\/div>\n\t\t\t\t\t<\/div>\n\t\t<\/div>\n\t\t\t\t<div class=\"elementor-column elementor-col-33 elementor-top-column elementor-element elementor-element-2033c29\" data-id=\"2033c29\" data-element_type=\"column\">\n\t\t\t<div class=\"elementor-widget-wrap elementor-element-populated\">\n\t\t\t\t\t\t<div class=\"elementor-element elementor-element-b2717f9 elementor-widget elementor-widget-html\" data-id=\"b2717f9\" data-element_type=\"widget\" data-widget_type=\"html.default\">\n\t\t\t\t<div class=\"elementor-widget-container\">\n\t\t\t\t\t<a class=\"zl-facility-url\" href=\"https:\/\/www.znanylekarz.pl\/placowki\/arbovita-medical-health-center\" rel=\"nofollow noopener\" data-zlw-facility=\"arbovita-medical-health-center\" data-zlw-type=\"certificate\" data-zlw-saas-only=\"true\">Arbovita Medical Health Center<\/a><script>!function($_x,_s,id){var js,fjs=$_x.getElementsByTagName(_s)[0];if(!$_x.getElementById(id)){js = $_x.createElement(_s);js.id = id;js.src = \"\/\/platform.docplanner.com\/js\/widget.js\";fjs.parentNode.insertBefore(js,fjs);}}(document,\"script\",\"zl-widget-s\");<\/script>\t\t\t\t<\/div>\n\t\t\t\t<\/div>\n\t\t\t\t\t<\/div>\n\t\t<\/div>\n\t\t\t\t\t<\/div>\n\t\t<\/section>\n\t\t\t\t<\/div>","protected":false},"excerpt":{"rendered":"<p>Konsultacja po\u0142o\u017cnicza Zapewniamy kompleksowe us\u0142ugi z zakresu ginekologii Na czym polega konsultacja po\u0142o\u017cnicza? Konsultacja po\u0142o\u017cnicza\u00a0to kompleksowe wsparcie i edukacja, kt\u00f3re pomagaj\u0105 kobiecie [&hellip;]<\/p>","protected":false},"author":7,"featured_media":0,"parent":1544,"menu_order":0,"comment_status":"closed","ping_status":"closed","template":"","meta":{"footnotes":""},"class_list":["post-1687","page","type-page","status-publish","hentry"],"_links":{"self":[{"href":"https:\/\/arbovitaclinic.com\/ua\/wp-json\/wp\/v2\/pages\/1687","targetHints":{"allow":["GET"]}}],"collection":[{"href":"https:\/\/arbovitaclinic.com\/ua\/wp-json\/wp\/v2\/pages"}],"about":[{"href":"https:\/\/arbovitaclinic.com\/ua\/wp-json\/wp\/v2\/types\/page"}],"author":[{"embeddable":true,"href":"https:\/\/arbovitaclinic.com\/ua\/wp-json\/wp\/v2\/users\/7"}],"replies":[{"embeddable":true,"href":"https:\/\/arbovitaclinic.com\/ua\/wp-json\/wp\/v2\/comments?post=1687"}],"version-history":[{"count":4,"href":"https:\/\/arbovitaclinic.com\/ua\/wp-json\/wp\/v2\/pages\/1687\/revisions"}],"predecessor-version":[{"id":1691,"href":"https:\/\/arbovitaclinic.com\/ua\/wp-json\/wp\/v2\/pages\/1687\/revisions\/1691"}],"up":[{"embeddable":true,"href":"https:\/\/arbovitaclinic.com\/ua\/wp-json\/wp\/v2\/pages\/1544"}],"wp:attachment":[{"href":"https:\/\/arbovitaclinic.com\/ua\/wp-json\/wp\/v2\/media?parent=1687"}],"curies":[{"name":"wp","href":"https:\/\/api.w.org\/{rel}","templated":true}]}}