{"id":1749,"date":"2025-03-06T16:19:07","date_gmt":"2025-03-06T15:19:07","guid":{"rendered":"https:\/\/arbovitaclinic.com\/?page_id=1749"},"modified":"2025-03-06T16:20:51","modified_gmt":"2025-03-06T15:20:51","slug":"cytologia-lbc","status":"publish","type":"page","link":"https:\/\/arbovitaclinic.com\/ua\/ginekolog\/cytologia-lbc\/","title":{"rendered":"Cytologia LBC"},"content":{"rendered":"<div data-elementor-type=\"wp-page\" data-elementor-id=\"1749\" class=\"elementor elementor-1749\">\n\t\t\t\t\t\t<section class=\"elementor-section elementor-top-section elementor-element elementor-element-f0ed07b elementor-section-content-middle elementor-section-boxed elementor-section-height-default elementor-section-height-default\" data-id=\"f0ed07b\" data-element_type=\"section\" data-settings=\"{&quot;background_background&quot;:&quot;classic&quot;}\">\n\t\t\t\t\t\t\t<div class=\"elementor-background-overlay\"><\/div>\n\t\t\t\t\t\t\t<div class=\"elementor-container elementor-column-gap-no\">\n\t\t\t\t\t<div class=\"elementor-column elementor-col-100 elementor-top-column elementor-element elementor-element-1b52cfe\" data-id=\"1b52cfe\" data-element_type=\"column\">\n\t\t\t<div class=\"elementor-widget-wrap elementor-element-populated\">\n\t\t\t\t\t\t<div class=\"elementor-element elementor-element-4e4e754 elementor-widget elementor-widget-heading\" data-id=\"4e4e754\" data-element_type=\"widget\" data-widget_type=\"heading.default\">\n\t\t\t\t<div class=\"elementor-widget-container\">\n\t\t\t\t\t<h1 class=\"elementor-heading-title elementor-size-default\">Cytologia LBC\n<\/h1>\t\t\t\t<\/div>\n\t\t\t\t<\/div>\n\t\t\t\t<div class=\"elementor-element elementor-element-36c1a2c elementor-widget elementor-widget-heading\" data-id=\"36c1a2c\" data-element_type=\"widget\" data-widget_type=\"heading.default\">\n\t\t\t\t<div class=\"elementor-widget-container\">\n\t\t\t\t\t<h5 class=\"elementor-heading-title elementor-size-default\">Zapewniamy kompleksowe us\u0142ugi z zakresu ginekologii<\/h5>\t\t\t\t<\/div>\n\t\t\t\t<\/div>\n\t\t\t\t\t<\/div>\n\t\t<\/div>\n\t\t\t\t\t<\/div>\n\t\t<\/section>\n\t\t\t\t<section class=\"elementor-section elementor-top-section elementor-element elementor-element-1a50128 elementor-section-content-middle elementor-section-boxed elementor-section-height-default elementor-section-height-default\" data-id=\"1a50128\" data-element_type=\"section\">\n\t\t\t\t\t\t<div class=\"elementor-container elementor-column-gap-no\">\n\t\t\t\t\t<div class=\"elementor-column elementor-col-50 elementor-top-column elementor-element elementor-element-d670cb4\" data-id=\"d670cb4\" data-element_type=\"column\">\n\t\t\t<div class=\"elementor-widget-wrap elementor-element-populated\">\n\t\t\t\t\t\t<div class=\"elementor-element elementor-element-f613a07 elementor-widget elementor-widget-heading\" data-id=\"f613a07\" data-element_type=\"widget\" data-widget_type=\"heading.default\">\n\t\t\t\t<div class=\"elementor-widget-container\">\n\t\t\t\t\t<h2 class=\"elementor-heading-title elementor-size-default\">Cytologia LBC \u2013 na czym polega ta nowoczesna metoda diagnostyczna\n<\/h2>\t\t\t\t<\/div>\n\t\t\t\t<\/div>\n\t\t\t\t\t<\/div>\n\t\t<\/div>\n\t\t\t\t<div class=\"elementor-column elementor-col-50 elementor-top-column elementor-element elementor-element-13e6e86\" data-id=\"13e6e86\" data-element_type=\"column\">\n\t\t\t<div class=\"elementor-widget-wrap elementor-element-populated\">\n\t\t\t\t\t\t<div class=\"elementor-element elementor-element-d2cc906 elementor-widget elementor-widget-text-editor\" data-id=\"d2cc906\" data-element_type=\"widget\" data-widget_type=\"text-editor.default\">\n\t\t\t\t<div class=\"elementor-widget-container\">\n\t\t\t\t\t\t\t\t\t<p>Cytologia LBC, czyli cytologia na pod\u0142o\u017cu p\u0142ynnym, to nowoczesna i stosunkowo nowa metoda diagnostyczna, kt\u00f3ra znacz\u0105co zwi\u0119ksza dok\u0142adno\u015b\u0107 wykonanych wynik\u00f3w bada\u0144 cytologicznych. W przeciwie\u0144stwie do tradycyjnej cytologii wymaz z szyjki macicy nie jest przenoszony bezpo\u015brednio na szkie\u0142ko mikroskopowe. Materia\u0142 pobierany jest na specjalne pod\u0142o\u017ce p\u0142ynne, kt\u00f3re nast\u0119pnie podlega dalszej obr\u00f3bce laboratoryjnej. Dzi\u0119ki temu eliminowane s\u0105 zanieczyszczenia, takie jak \u015bluz czy krew, co pozwala uzyska\u0107 bardziej klarowny obraz mikroskopowy i jeszcze dok\u0142adniej przebada\u0107 pacjentk\u0119.<\/p><p>Ten spos\u00f3b przygotowania materia\u0142u pozwala lepiej uwidoczni\u0107 kom\u00f3rki nab\u0142onka szyjki macicy, co zwi\u0119ksza szans\u0119 na wykrycie nawet niewielkich zmian przedrakowych. Cytologia LBC jest szczeg\u00f3lnie polecana osobom, kt\u00f3re chc\u0105 mie\u0107 pewno\u015b\u0107, \u017ce badanie b\u0119dzie precyzyjne i wiarygodne. Obecnie coraz cz\u0119\u015bciej m\u00f3wi si\u0119 o tym, aby decydowa\u0107 si\u0119 w\u0142a\u015bnie na takie rozwi\u0105zanie, zamiast na klasyczn\u0105 cytologi\u0119.<\/p>\t\t\t\t\t\t\t\t<\/div>\n\t\t\t\t<\/div>\n\t\t\t\t\t<\/div>\n\t\t<\/div>\n\t\t\t\t\t<\/div>\n\t\t<\/section>\n\t\t\t\t<section class=\"elementor-section elementor-top-section elementor-element elementor-element-95bd934 elementor-section-content-middle elementor-section-boxed elementor-section-height-default elementor-section-height-default\" data-id=\"95bd934\" data-element_type=\"section\">\n\t\t\t\t\t\t<div class=\"elementor-container elementor-column-gap-no\">\n\t\t\t\t\t<div class=\"elementor-column elementor-col-50 elementor-top-column elementor-element elementor-element-0cb5077\" data-id=\"0cb5077\" data-element_type=\"column\">\n\t\t\t<div class=\"elementor-widget-wrap elementor-element-populated\">\n\t\t\t\t\t\t<div class=\"elementor-element elementor-element-d10fb49 elementor-widget elementor-widget-heading\" data-id=\"d10fb49\" data-element_type=\"widget\" data-widget_type=\"heading.default\">\n\t\t\t\t<div class=\"elementor-widget-container\">\n\t\t\t\t\t<h2 class=\"elementor-heading-title elementor-size-default\">Kiedy warto wybra\u0107 cytologi\u0119 LBC?<\/h2>\t\t\t\t<\/div>\n\t\t\t\t<\/div>\n\t\t\t\t\t<\/div>\n\t\t<\/div>\n\t\t\t\t<div class=\"elementor-column elementor-col-50 elementor-top-column elementor-element elementor-element-fdb42a4\" data-id=\"fdb42a4\" data-element_type=\"column\">\n\t\t\t<div class=\"elementor-widget-wrap elementor-element-populated\">\n\t\t\t\t\t\t<div class=\"elementor-element elementor-element-3340ba3 elementor-widget elementor-widget-text-editor\" data-id=\"3340ba3\" data-element_type=\"widget\" data-widget_type=\"text-editor.default\">\n\t\t\t\t<div class=\"elementor-widget-container\">\n\t\t\t\t\t\t\t\t\t<p>Wykonanie cytologii LBC w Krakowie to doskona\u0142y wyb\u00f3r dla kobiet, kt\u00f3re szukaj\u0105 nowoczesnych i precyzyjnych rozwi\u0105za\u0144 diagnostycznych. Szczeg\u00f3lnie zaleca si\u0119 j\u0105, je\u015bli:<\/p><ul><li>Twoje wcze\u015bniejsze wyniki cytologiczne by\u0142y niejednoznaczne,<\/li><li>lekarz ginekolog zasugerowa\u0142 kontrol\u0119 w zwi\u0105zku z wyst\u0119powaniem czynnik\u00f3w ryzyka, takich jak wirus HPV,<\/li><li>chcesz skorzysta\u0107 z najnowszych standard\u00f3w medycznych w profilaktyce raka szyjki macicy.<\/li><\/ul><p>Cytologia LBC w Krakowie\u00a0jest oferowana przez coraz wi\u0119cej plac\u00f3wek. Jednak warto wybra\u0107 miejsce z odpowiednim do\u015bwiadczeniem i nowoczesnym zapleczem diagnostycznym. Regularne badania profilaktyczne, w tym cytologia, s\u0105 kluczowe w wykrywaniu zmian w nab\u0142onku szyjki macicy na wczesnym etapie, gdy leczenie jest najbardziej skuteczne.<\/p>\t\t\t\t\t\t\t\t<\/div>\n\t\t\t\t<\/div>\n\t\t\t\t\t<\/div>\n\t\t<\/div>\n\t\t\t\t\t<\/div>\n\t\t<\/section>\n\t\t\t\t<section class=\"elementor-section elementor-top-section elementor-element elementor-element-1904561 elementor-section-content-middle elementor-section-boxed elementor-section-height-default elementor-section-height-default\" data-id=\"1904561\" data-element_type=\"section\">\n\t\t\t\t\t\t<div class=\"elementor-container elementor-column-gap-no\">\n\t\t\t\t\t<div class=\"elementor-column elementor-col-50 elementor-top-column elementor-element elementor-element-3514c81\" data-id=\"3514c81\" data-element_type=\"column\">\n\t\t\t<div class=\"elementor-widget-wrap elementor-element-populated\">\n\t\t\t\t\t\t<div class=\"elementor-element elementor-element-1afef46 elementor-widget elementor-widget-heading\" data-id=\"1afef46\" data-element_type=\"widget\" data-widget_type=\"heading.default\">\n\t\t\t\t<div class=\"elementor-widget-container\">\n\t\t\t\t\t<h2 class=\"elementor-heading-title elementor-size-default\">Cytologia LBC \u2013 cennik i dost\u0119pno\u015b\u0107 bada\u0144\n<\/h2>\t\t\t\t<\/div>\n\t\t\t\t<\/div>\n\t\t\t\t\t<\/div>\n\t\t<\/div>\n\t\t\t\t<div class=\"elementor-column elementor-col-50 elementor-top-column elementor-element elementor-element-f8440da\" data-id=\"f8440da\" data-element_type=\"column\">\n\t\t\t<div class=\"elementor-widget-wrap elementor-element-populated\">\n\t\t\t\t\t\t<div class=\"elementor-element elementor-element-77d4fb2 elementor-widget elementor-widget-text-editor\" data-id=\"77d4fb2\" data-element_type=\"widget\" data-widget_type=\"text-editor.default\">\n\t\t\t\t<div class=\"elementor-widget-container\">\n\t\t\t\t\t\t\t\t\t<p>Koszt wykonania cytologii LBC mo\u017ce r\u00f3\u017cni\u0107 si\u0119 w zale\u017cno\u015bci od plac\u00f3wki, jednak zazwyczaj cena tego badania jest nieco wy\u017csza ni\u017c tradycyjnej cytologii. Wynika to z zaawansowanego procesu laboratoryjnego i u\u017cycia specjalistycznych pod\u0142o\u017cy p\u0142ynnych. Warto jednak pami\u0119ta\u0107, \u017ce wy\u017cszy koszt wi\u0105\u017ce si\u0119 z wi\u0119ksz\u0105 dok\u0142adno\u015bci\u0105 badania, co czyni je op\u0142acalnym wyborem w trosce o zdrowie.<\/p><p>W naszej plac\u00f3wce oferujemy cytologi\u0119 LBC w atrakcyjnych cenach, zapewniaj\u0105c jednocze\u015bnie kr\u00f3tki czas oczekiwania na wynik. Ka\u017cda pacjentka mo\u017ce liczy\u0107 na profesjonalne podej\u015bcie i wsparcie wykwalifikowanego personelu medycznego. Dbamy o to, aby badanie przebiega\u0142o komfortowo i zgodnie z najwy\u017cszymi standardami diagnostycznymi. Tym samym za cytologi\u0119 LBC zap\u0142acisz u nas 150 z\u0142otych. Zaufany\u00a0<a href=\"https:\/\/arbovitaclinic.com\/ginekolog\/\" target=\"_blank\" rel=\"noopener\" data-saferedirecturl=\"https:\/\/www.google.com\/url?q=https:\/\/arbovitaclinic.com\/ginekolog\/&amp;source=gmail&amp;ust=1741348175354000&amp;usg=AOvVaw1Ppw9dUCTHfxRNoKwBMBa_\">ginekolog<\/a>\u00a0to podstawa, aby czu\u0107 si\u0119 komfortowo podczas bada\u0144.<\/p>\t\t\t\t\t\t\t\t<\/div>\n\t\t\t\t<\/div>\n\t\t\t\t\t<\/div>\n\t\t<\/div>\n\t\t\t\t\t<\/div>\n\t\t<\/section>\n\t\t\t\t<section class=\"elementor-section elementor-top-section elementor-element elementor-element-be540e5 elementor-section-boxed elementor-section-height-default elementor-section-height-default\" data-id=\"be540e5\" data-element_type=\"section\">\n\t\t\t\t\t\t<div class=\"elementor-container elementor-column-gap-default\">\n\t\t\t\t\t<div class=\"elementor-column elementor-col-100 elementor-top-column elementor-element elementor-element-ca3257b\" data-id=\"ca3257b\" data-element_type=\"column\">\n\t\t\t<div class=\"elementor-widget-wrap elementor-element-populated\">\n\t\t\t\t\t\t<div class=\"elementor-element elementor-element-1682a6c elementor-widget elementor-widget-spacer\" data-id=\"1682a6c\" data-element_type=\"widget\" data-widget_type=\"spacer.default\">\n\t\t\t\t<div class=\"elementor-widget-container\">\n\t\t\t\t\t\t\t<div class=\"elementor-spacer\">\n\t\t\t<div class=\"elementor-spacer-inner\"><\/div>\n\t\t<\/div>\n\t\t\t\t\t\t<\/div>\n\t\t\t\t<\/div>\n\t\t\t\t\t<\/div>\n\t\t<\/div>\n\t\t\t\t\t<\/div>\n\t\t<\/section>\n\t\t\t\t<section class=\"elementor-section elementor-top-section elementor-element elementor-element-c74db4a elementor-section-boxed elementor-section-height-default elementor-section-height-default\" data-id=\"c74db4a\" data-element_type=\"section\">\n\t\t\t\t\t\t<div class=\"elementor-container elementor-column-gap-default\">\n\t\t\t\t\t<div class=\"elementor-column elementor-col-100 elementor-top-column elementor-element elementor-element-dfa54d9\" data-id=\"dfa54d9\" data-element_type=\"column\">\n\t\t\t<div class=\"elementor-widget-wrap elementor-element-populated\">\n\t\t\t\t\t\t<div class=\"elementor-element elementor-element-33fae25 elementor-widget elementor-widget-heading\" data-id=\"33fae25\" data-element_type=\"widget\" data-widget_type=\"heading.default\">\n\t\t\t\t<div class=\"elementor-widget-container\">\n\t\t\t\t\t<h2 class=\"elementor-heading-title elementor-size-default\">Um\u00f3w wizyt\u0119:<\/h2>\t\t\t\t<\/div>\n\t\t\t\t<\/div>\n\t\t\t\t\t<\/div>\n\t\t<\/div>\n\t\t\t\t\t<\/div>\n\t\t<\/section>\n\t\t\t\t<section class=\"elementor-section elementor-top-section elementor-element elementor-element-567881c elementor-section-boxed elementor-section-height-default elementor-section-height-default\" data-id=\"567881c\" data-element_type=\"section\">\n\t\t\t\t\t\t<div class=\"elementor-container elementor-column-gap-default\">\n\t\t\t\t\t<div class=\"elementor-column elementor-col-100 elementor-top-column elementor-element elementor-element-c2bd242\" data-id=\"c2bd242\" data-element_type=\"column\" data-settings=\"{&quot;background_background&quot;:&quot;classic&quot;}\">\n\t\t\t<div class=\"elementor-widget-wrap elementor-element-populated\">\n\t\t\t\t\t\t<div class=\"elementor-element elementor-element-529d938 elementor-widget elementor-widget-spacer\" data-id=\"529d938\" data-element_type=\"widget\" data-widget_type=\"spacer.default\">\n\t\t\t\t<div class=\"elementor-widget-container\">\n\t\t\t\t\t\t\t<div class=\"elementor-spacer\">\n\t\t\t<div class=\"elementor-spacer-inner\"><\/div>\n\t\t<\/div>\n\t\t\t\t\t\t<\/div>\n\t\t\t\t<\/div>\n\t\t\t\t<div class=\"elementor-element elementor-element-53be1d8 elementor-widget elementor-widget-shortcode\" data-id=\"53be1d8\" data-element_type=\"widget\" data-widget_type=\"shortcode.default\">\n\t\t\t\t<div class=\"elementor-widget-container\">\n\t\t\t\t\t\t\t<div class=\"elementor-shortcode\">\n<div class=\"wpcf7 no-js\" id=\"wpcf7-f405-o1\" lang=\"pl-PL\" dir=\"ltr\" data-wpcf7-id=\"405\">\n<div class=\"screen-reader-response\"><p role=\"status\" aria-live=\"polite\" aria-atomic=\"true\"><\/p> <ul><\/ul><\/div>\n<form action=\"\/ua\/wp-json\/wp\/v2\/pages\/1749#wpcf7-f405-o1\" method=\"post\" class=\"wpcf7-form init\" aria-label=\"Formularz kontaktowy\" novalidate=\"novalidate\" data-status=\"init\" data-trp-original-action=\"\/ua\/wp-json\/wp\/v2\/pages\/1749#wpcf7-f405-o1\">\n<fieldset class=\"hidden-fields-container\"><input type=\"hidden\" name=\"_wpcf7\" value=\"405\" \/><input type=\"hidden\" name=\"_wpcf7_version\" value=\"6.1.1\" \/><input type=\"hidden\" name=\"_wpcf7_locale\" value=\"pl_PL\" \/><input type=\"hidden\" name=\"_wpcf7_unit_tag\" value=\"wpcf7-f405-o1\" \/><input type=\"hidden\" name=\"_wpcf7_container_post\" value=\"0\" \/><input type=\"hidden\" name=\"_wpcf7_posted_data_hash\" value=\"\" \/><input type=\"hidden\" name=\"_wpcf7_recaptcha_response\" value=\"\" \/>\n<\/fieldset>\n<div class=\"container\">\n\t<div class=\"row mb-4\">\n\t\t<div class=\"col col-12\">\n\t\t\t<p><span class=\"wpcf7-form-control-wrap\" data-name=\"doctor\"><select class=\"wpcf7-form-control wpcf7-select wpcf7-validates-as-required form-control\" aria-required=\"true\" aria-invalid=\"false\" name=\"doctor\"><option value=\"Wybierz lekarza\">Wybierz lekarza<\/option><option value=\"Monika \u015alusarczyk-Pi\u00f3rek (endokrynologia)\">Monika \u015alusarczyk-Pi\u00f3rek (endokrynologia)<\/option><option value=\"Tetiana Zakharchuk (psychiatria)\">Tetiana Zakharchuk (psychiatria)<\/option><option value=\"Tetiana Demyda (pediatria)\">Tetiana Demyda (pediatria)<\/option><option value=\"Jakub Szczerba (Ortopedia,Chirurgia urazowo-ortopedyczna)\">Jakub Szczerba (Ortopedia,Chirurgia urazowo-ortopedyczna)<\/option><option value=\"Karol Nowak (kardiologia)\">Karol Nowak (kardiologia)<\/option><option value=\"Lesia Vovnianko (psychiatria)\">Lesia Vovnianko (psychiatria)<\/option><option value=\"Olesia Parashchuk (psychiatria)\">Olesia Parashchuk (psychiatria)<\/option><option value=\"Olga Sobczak (otolaryngologia)\">Olga Sobczak (otolaryngologia)<\/option><option value=\"Oleksander Soroka (ortopedia)\">Oleksander Soroka (ortopedia)<\/option><option value=\"Anna Tarczy\u0144ska (ginekologia i po\u0142o\u017cnictwo)\">Anna Tarczy\u0144ska (ginekologia i po\u0142o\u017cnictwo)<\/option><option value=\"Viacheslav Biletskyi (POZ, kardiologia)\">Viacheslav Biletskyi (POZ, kardiologia)<\/option><option value=\"Konrad St\u0119pie\u0144 (kardiologia)\">Konrad St\u0119pie\u0144 (kardiologia)<\/option><option value=\"Nikulina Nataliia (neurologia)\">Nikulina Nataliia (neurologia)<\/option><option value=\"Gabriela Blat (fizjoterapia)\">Gabriela Blat (fizjoterapia)<\/option><option value=\"Olena Yermolina (ginekologia)\">Olena Yermolina (ginekologia)<\/option><option value=\"Yuliia Demchenko (dermatologia)\">Yuliia Demchenko (dermatologia)<\/option><option value=\"Anastasiia Shcherbatiuk (pediatria)\">Anastasiia Shcherbatiuk (pediatria)<\/option><option value=\"mgr Maria Przyborowska-Sapek (dietetyk)\">mgr Maria Przyborowska-Sapek (dietetyk)<\/option><option value=\"Anna Tsvietkova-Kaniuk (pediatria, medycyna rodzinna)\">Anna Tsvietkova-Kaniuk (pediatria, medycyna rodzinna)<\/option><option value=\"Denys Diachuk (urologia)\">Denys Diachuk (urologia)<\/option><option value=\"Anhzelika Diachuk (ginekologia, medycyna estetyczna)\">Anhzelika Diachuk (ginekologia, medycyna estetyczna)<\/option><option value=\"Diana Pawluk-\u015aliwi\u0144ska (medycyna estetyczna)\">Diana Pawluk-\u015aliwi\u0144ska (medycyna estetyczna)<\/option><option value=\"Krzysztof \u015aliwi\u0144ski (chirurgia szcz\u0119kowo-twarzowa)\">Krzysztof \u015aliwi\u0144ski (chirurgia szcz\u0119kowo-twarzowa)<\/option><option value=\"Anna Ko\u017alik (logopeda)\">Anna Ko\u017alik (logopeda)<\/option><option value=\"Marcin Wilk (chirurgia estetczna)\">Marcin Wilk (chirurgia estetczna)<\/option><\/select><\/span>\n\t\t\t<\/p>\n\t\t<\/div>\n\t<\/div>\n\t<div class=\"row\">\n\t\t<div class=\"col col-6\">\n\t\t\t<p><span class=\"wpcf7-form-control-wrap\" data-name=\"firstname\"><input size=\"40\" maxlength=\"400\" class=\"wpcf7-form-control wpcf7-text wpcf7-validates-as-required form-control\" aria-required=\"true\" aria-invalid=\"false\" placeholder=\"\u0406\u043c&#039;\u044f\" value=\"\" type=\"text\" name=\"firstname\" \/><\/span>\n\t\t\t<\/p>\n\t\t<\/div>\n\t\t<div class=\"col col-6\">\n\t\t\t<p><span class=\"wpcf7-form-control-wrap\" data-name=\"surname\"><input size=\"40\" maxlength=\"400\" class=\"wpcf7-form-control wpcf7-text wpcf7-validates-as-required form-control\" aria-required=\"true\" aria-invalid=\"false\" placeholder=\"\u041f\u0440\u0456\u0437\u0432\u0438\u0449\u0435\" value=\"\" type=\"text\" name=\"surname\" \/><\/span>\n\t\t\t<\/p>\n\t\t<\/div>\n\t<\/div>\n\t<div class=\"row\">\n\t\t<div class=\"col col-6\">\n\t\t\t<p><span class=\"wpcf7-form-control-wrap\" data-name=\"phone\"><input size=\"40\" maxlength=\"400\" class=\"wpcf7-form-control wpcf7-text wpcf7-validates-as-required form-control\" aria-required=\"true\" aria-invalid=\"false\" placeholder=\"\u0442\u0435\u043b\u0435\u0444\u043e\u043d\" value=\"\" type=\"text\" name=\"phone\" \/><\/span>\n\t\t\t<\/p>\n\t\t<\/div>\n\t\t<div class=\"col col-6\">\n\t\t\t<p><span class=\"wpcf7-form-control-wrap\" data-name=\"mail\"><input size=\"40\" maxlength=\"400\" class=\"wpcf7-form-control wpcf7-email wpcf7-validates-as-required wpcf7-text wpcf7-validates-as-email form-control\" aria-required=\"true\" aria-invalid=\"false\" placeholder=\"\u0415\u043b\u0435\u043a\u0442\u0440\u043e\u043d\u043d\u0430 \u043f\u043e\u0448\u0442\u0430\" value=\"\" type=\"email\" name=\"mail\" \/><\/span>\n\t\t\t<\/p>\n\t\t<\/div>\n\t<\/div>\n\t<div class=\"row\">\n\t\t<div class=\"col col-12\">\n\t\t\t<p><input class=\"wpcf7-form-control wpcf7-submit has-spinner btn-gold\" type=\"submit\" value=\"Zapytaj o wolny termin\" \/>\n\t\t\t<\/p>\n\t\t<\/div>\n\t<\/div>\n<\/div><div class=\"wpcf7-response-output\" aria-hidden=\"true\"><\/div>\n<input type=\"hidden\" name=\"trp-form-language\" value=\"ua\"\/><\/form>\n<\/div>\n<\/div>\n\t\t\t\t\t\t<\/div>\n\t\t\t\t<\/div>\n\t\t\t\t<div class=\"elementor-element elementor-element-4429308 elementor-widget elementor-widget-spacer\" data-id=\"4429308\" data-element_type=\"widget\" data-widget_type=\"spacer.default\">\n\t\t\t\t<div class=\"elementor-widget-container\">\n\t\t\t\t\t\t\t<div class=\"elementor-spacer\">\n\t\t\t<div class=\"elementor-spacer-inner\"><\/div>\n\t\t<\/div>\n\t\t\t\t\t\t<\/div>\n\t\t\t\t<\/div>\n\t\t\t\t<div class=\"elementor-element elementor-element-9022e90 elementor-drop-cap-yes elementor-drop-cap-view-default elementor-widget elementor-widget-text-editor\" data-id=\"9022e90\" data-element_type=\"widget\" data-settings=\"{&quot;drop_cap&quot;:&quot;yes&quot;}\" data-widget_type=\"text-editor.default\">\n\t\t\t\t<div class=\"elementor-widget-container\">\n\t\t\t\t\t\t\t\t\t<h2>Lub um\u00f3w wizyt\u0119 bezpo\u015brednio do lekarza klikaj\u0105c w poni\u017cszy przycisk<\/h2>\t\t\t\t\t\t\t\t<\/div>\n\t\t\t\t<\/div>\n\t\t\t\t\t<\/div>\n\t\t<\/div>\n\t\t\t\t\t<\/div>\n\t\t<\/section>\n\t\t\t\t<section class=\"elementor-section elementor-top-section elementor-element elementor-element-f0010d1 elementor-section-boxed elementor-section-height-default elementor-section-height-default\" data-id=\"f0010d1\" data-element_type=\"section\">\n\t\t\t\t\t\t<div class=\"elementor-container elementor-column-gap-default\">\n\t\t\t\t\t<div class=\"elementor-column elementor-col-33 elementor-top-column elementor-element elementor-element-de55c58\" data-id=\"de55c58\" data-element_type=\"column\">\n\t\t\t<div class=\"elementor-widget-wrap elementor-element-populated\">\n\t\t\t\t\t\t<div class=\"elementor-element elementor-element-dbffdbe elementor-widget elementor-widget-html\" data-id=\"dbffdbe\" data-element_type=\"widget\" data-widget_type=\"html.default\">\n\t\t\t\t<div class=\"elementor-widget-container\">\n\t\t\t\t\t<button\n    class=\"btn-mydr-pp\"\n    data-doctor=\"\"\n    data-speciality=\"\"\n    data-visitkind=\"Prywatna\"\n    data-evisit=\"true\"\n    data-appname=\"drw\"\n    data-token=\"eyJhbGciOiJIUzI1NiIsInR5cCI6IkpXVCJ9.eyJmYWNpbGl0eV9pZCI6MjIwNzF9.Ldc2sMtzHyG2h-25h1WSTf4c_bs5pOnbJ2TO5GIVwdI\"\n>\n<\/button>\t\t\t\t<\/div>\n\t\t\t\t<\/div>\n\t\t\t\t\t<\/div>\n\t\t<\/div>\n\t\t\t\t<div class=\"elementor-column elementor-col-33 elementor-top-column elementor-element elementor-element-21c3f04\" data-id=\"21c3f04\" data-element_type=\"column\">\n\t\t\t<div class=\"elementor-widget-wrap elementor-element-populated\">\n\t\t\t\t\t\t<div class=\"elementor-element elementor-element-49b1ed6 elementor-widget elementor-widget-html\" data-id=\"49b1ed6\" data-element_type=\"widget\" data-widget_type=\"html.default\">\n\t\t\t\t<div class=\"elementor-widget-container\">\n\t\t\t\t\t<a class=\"zl-facility-url\" href=\"https:\/\/www.znanylekarz.pl\/placowki\/arbovita-medical-health-center\" rel=\"nofollow noopener\" data-zlw-facility=\"arbovita-medical-health-center\" data-zlw-type=\"facility-big-with-saas-only\" data-zlw-saas-only=\"true\">Arbovita Medical Health Center<\/a><script>!function($_x,_s,id){var js,fjs=$_x.getElementsByTagName(_s)[0];if(!$_x.getElementById(id)){js = $_x.createElement(_s);js.id = id;js.src = \"\/\/platform.docplanner.com\/js\/widget.js\";fjs.parentNode.insertBefore(js,fjs);}}(document,\"script\",\"zl-widget-s\");<\/script>\t\t\t\t<\/div>\n\t\t\t\t<\/div>\n\t\t\t\t\t<\/div>\n\t\t<\/div>\n\t\t\t\t<div class=\"elementor-column elementor-col-33 elementor-top-column elementor-element elementor-element-2033c29\" data-id=\"2033c29\" data-element_type=\"column\">\n\t\t\t<div class=\"elementor-widget-wrap elementor-element-populated\">\n\t\t\t\t\t\t<div class=\"elementor-element elementor-element-b2717f9 elementor-widget elementor-widget-html\" data-id=\"b2717f9\" data-element_type=\"widget\" data-widget_type=\"html.default\">\n\t\t\t\t<div class=\"elementor-widget-container\">\n\t\t\t\t\t<a class=\"zl-facility-url\" href=\"https:\/\/www.znanylekarz.pl\/placowki\/arbovita-medical-health-center\" rel=\"nofollow noopener\" data-zlw-facility=\"arbovita-medical-health-center\" data-zlw-type=\"certificate\" data-zlw-saas-only=\"true\">Arbovita Medical Health Center<\/a><script>!function($_x,_s,id){var js,fjs=$_x.getElementsByTagName(_s)[0];if(!$_x.getElementById(id)){js = $_x.createElement(_s);js.id = id;js.src = \"\/\/platform.docplanner.com\/js\/widget.js\";fjs.parentNode.insertBefore(js,fjs);}}(document,\"script\",\"zl-widget-s\");<\/script>\t\t\t\t<\/div>\n\t\t\t\t<\/div>\n\t\t\t\t\t<\/div>\n\t\t<\/div>\n\t\t\t\t\t<\/div>\n\t\t<\/section>\n\t\t\t\t<\/div>","protected":false},"excerpt":{"rendered":"<p>Cytologia LBC Zapewniamy kompleksowe us\u0142ugi z zakresu ginekologii Cytologia LBC \u2013 na czym polega ta nowoczesna metoda diagnostyczna Cytologia LBC, czyli cytologia [&hellip;]<\/p>","protected":false},"author":7,"featured_media":0,"parent":1544,"menu_order":0,"comment_status":"closed","ping_status":"closed","template":"","meta":{"footnotes":""},"class_list":["post-1749","page","type-page","status-publish","hentry"],"_links":{"self":[{"href":"https:\/\/arbovitaclinic.com\/ua\/wp-json\/wp\/v2\/pages\/1749","targetHints":{"allow":["GET"]}}],"collection":[{"href":"https:\/\/arbovitaclinic.com\/ua\/wp-json\/wp\/v2\/pages"}],"about":[{"href":"https:\/\/arbovitaclinic.com\/ua\/wp-json\/wp\/v2\/types\/page"}],"author":[{"embeddable":true,"href":"https:\/\/arbovitaclinic.com\/ua\/wp-json\/wp\/v2\/users\/7"}],"replies":[{"embeddable":true,"href":"https:\/\/arbovitaclinic.com\/ua\/wp-json\/wp\/v2\/comments?post=1749"}],"version-history":[{"count":4,"href":"https:\/\/arbovitaclinic.com\/ua\/wp-json\/wp\/v2\/pages\/1749\/revisions"}],"predecessor-version":[{"id":1753,"href":"https:\/\/arbovitaclinic.com\/ua\/wp-json\/wp\/v2\/pages\/1749\/revisions\/1753"}],"up":[{"embeddable":true,"href":"https:\/\/arbovitaclinic.com\/ua\/wp-json\/wp\/v2\/pages\/1544"}],"wp:attachment":[{"href":"https:\/\/arbovitaclinic.com\/ua\/wp-json\/wp\/v2\/media?parent=1749"}],"curies":[{"name":"wp","href":"https:\/\/api.w.org\/{rel}","templated":true}]}}