{"id":1793,"date":"2025-03-21T16:49:31","date_gmt":"2025-03-21T15:49:31","guid":{"rendered":"https:\/\/arbovitaclinic.com\/?page_id=1793"},"modified":"2025-03-28T19:05:35","modified_gmt":"2025-03-28T18:05:35","slug":"zabiegi","status":"publish","type":"page","link":"https:\/\/arbovitaclinic.com\/ua\/zabiegi\/","title":{"rendered":"\u041f\u0440\u043e\u0446\u0435\u0434\u0443\u0440\u0438"},"content":{"rendered":"<div data-elementor-type=\"wp-page\" data-elementor-id=\"1793\" class=\"elementor elementor-1793\">\n\t\t\t\t\t\t<section class=\"elementor-section elementor-top-section elementor-element elementor-element-5686437 elementor-section-height-full elementor-section-boxed elementor-section-height-default elementor-section-items-middle\" data-id=\"5686437\" data-element_type=\"section\">\n\t\t\t\t\t\t<div class=\"elementor-container elementor-column-gap-default\">\n\t\t\t\t\t<div class=\"elementor-column elementor-col-33 elementor-top-column elementor-element elementor-element-e0c38ed\" data-id=\"e0c38ed\" data-element_type=\"column\">\n\t\t\t<div class=\"elementor-widget-wrap elementor-element-populated\">\n\t\t\t\t\t\t<div class=\"elementor-element elementor-element-1e31b3b elementor-position-top elementor-widget elementor-widget-image-box\" data-id=\"1e31b3b\" data-element_type=\"widget\" data-widget_type=\"image-box.default\">\n\t\t\t\t<div class=\"elementor-widget-container\">\n\t\t\t\t\t<div class=\"elementor-image-box-wrapper\"><figure class=\"elementor-image-box-img\"><a href=\"https:\/\/arbovitaclinic.com\/blefaroplastyka-korekcja-powiek\/\" tabindex=\"-1\"><img fetchpriority=\"high\" decoding=\"async\" width=\"592\" height=\"594\" src=\"https:\/\/arbovitaclinic.com\/wp-content\/uploads\/2025\/03\/istockphoto-2042707459-612x612-1-e1742576216713.jpg\" class=\"attachment-full size-full wp-image-1817\" alt=\"\" srcset=\"https:\/\/arbovitaclinic.com\/wp-content\/uploads\/2025\/03\/istockphoto-2042707459-612x612-1-e1742576216713.jpg 592w, https:\/\/arbovitaclinic.com\/wp-content\/uploads\/2025\/03\/istockphoto-2042707459-612x612-1-e1742576216713-300x300.jpg 300w, https:\/\/arbovitaclinic.com\/wp-content\/uploads\/2025\/03\/istockphoto-2042707459-612x612-1-e1742576216713-150x150.jpg 150w, https:\/\/arbovitaclinic.com\/wp-content\/uploads\/2025\/03\/istockphoto-2042707459-612x612-1-e1742576216713-12x12.jpg 12w\" sizes=\"(max-width: 592px) 100vw, 592px\" \/><\/a><\/figure><div class=\"elementor-image-box-content\"><h3 class=\"elementor-image-box-title\"><a href=\"https:\/\/arbovitaclinic.com\/blefaroplastyka-korekcja-powiek\/\">\u0411\u043b\u0435\u0444\u0430\u0440\u043e\u043f\u043b\u0430\u0441\u0442\u0438\u043a\u0430 (\u043a\u043e\u0440\u0435\u043a\u0446\u0456\u044f \u043f\u043e\u0432\u0456\u043a)<\/a><\/h3><\/div><\/div>\t\t\t\t<\/div>\n\t\t\t\t<\/div>\n\t\t\t\t\t<\/div>\n\t\t<\/div>\n\t\t\t\t<div class=\"elementor-column elementor-col-33 elementor-top-column elementor-element elementor-element-d4024fd\" data-id=\"d4024fd\" data-element_type=\"column\">\n\t\t\t<div class=\"elementor-widget-wrap elementor-element-populated\">\n\t\t\t\t\t\t<div class=\"elementor-element elementor-element-9013a9b elementor-position-top elementor-widget elementor-widget-image-box\" data-id=\"9013a9b\" data-element_type=\"widget\" data-widget_type=\"image-box.default\">\n\t\t\t\t<div class=\"elementor-widget-container\">\n\t\t\t\t\t<div class=\"elementor-image-box-wrapper\"><figure class=\"elementor-image-box-img\"><a href=\"https:\/\/arbovitaclinic.com\/miofrenuloplastyka-podciecie-wedzidelka-jezyka\/\" tabindex=\"-1\"><img decoding=\"async\" width=\"1404\" height=\"1400\" src=\"https:\/\/arbovitaclinic.com\/wp-content\/uploads\/2025\/03\/wedzidelko.png\" class=\"attachment-full size-full wp-image-1906\" alt=\"\" srcset=\"https:\/\/arbovitaclinic.com\/wp-content\/uploads\/2025\/03\/wedzidelko.png 1404w, https:\/\/arbovitaclinic.com\/wp-content\/uploads\/2025\/03\/wedzidelko-300x300.png 300w, https:\/\/arbovitaclinic.com\/wp-content\/uploads\/2025\/03\/wedzidelko-1024x1021.png 1024w, https:\/\/arbovitaclinic.com\/wp-content\/uploads\/2025\/03\/wedzidelko-150x150.png 150w, https:\/\/arbovitaclinic.com\/wp-content\/uploads\/2025\/03\/wedzidelko-768x766.png 768w, https:\/\/arbovitaclinic.com\/wp-content\/uploads\/2025\/03\/wedzidelko-12x12.png 12w\" sizes=\"(max-width: 1404px) 100vw, 1404px\" \/><\/a><\/figure><div class=\"elementor-image-box-content\"><h3 class=\"elementor-image-box-title\"><a href=\"https:\/\/arbovitaclinic.com\/miofrenuloplastyka-podciecie-wedzidelka-jezyka\/\">\u041c\u0456\u043e\u0444\u0440\u0435\u043d\u0443\u043b\u043e\u043f\u043b\u0430\u0441\u0442\u0438\u043a\u0430 (\u043f\u0456\u0434\u0440\u0456\u0437\u0430\u043d\u043d\u044f \u0432\u0443\u0437\u0434\u0435\u0447\u043a\u0438 \u044f\u0437\u0438\u043a\u0430)<\/a><\/h3><\/div><\/div>\t\t\t\t<\/div>\n\t\t\t\t<\/div>\n\t\t\t\t\t<\/div>\n\t\t<\/div>\n\t\t\t\t<div class=\"elementor-column elementor-col-33 elementor-top-column elementor-element elementor-element-cdff1fe\" data-id=\"cdff1fe\" data-element_type=\"column\">\n\t\t\t<div class=\"elementor-widget-wrap elementor-element-populated\">\n\t\t\t\t\t\t<div class=\"elementor-element elementor-element-42f551a elementor-position-top elementor-widget elementor-widget-image-box\" data-id=\"42f551a\" data-element_type=\"widget\" data-widget_type=\"image-box.default\">\n\t\t\t\t<div class=\"elementor-widget-container\">\n\t\t\t\t\t<div class=\"elementor-image-box-wrapper\"><figure class=\"elementor-image-box-img\"><a href=\"https:\/\/arbovitaclinic.com\/badanie-endoskopowe-zatok-nosogardla-ucha\/\" tabindex=\"-1\"><img decoding=\"async\" width=\"412\" height=\"288\" src=\"https:\/\/arbovitaclinic.com\/wp-content\/uploads\/2025\/03\/endoskopia.png\" class=\"attachment-full size-full wp-image-1907\" alt=\"\" srcset=\"https:\/\/arbovitaclinic.com\/wp-content\/uploads\/2025\/03\/endoskopia.png 412w, https:\/\/arbovitaclinic.com\/wp-content\/uploads\/2025\/03\/endoskopia-300x210.png 300w, https:\/\/arbovitaclinic.com\/wp-content\/uploads\/2025\/03\/endoskopia-18x12.png 18w\" sizes=\"(max-width: 412px) 100vw, 412px\" \/><\/a><\/figure><div class=\"elementor-image-box-content\"><h3 class=\"elementor-image-box-title\"><a href=\"https:\/\/arbovitaclinic.com\/badanie-endoskopowe-zatok-nosogardla-ucha\/\">Badanie endoskopowe nosogard\u0142a i zatok<\/a><\/h3><\/div><\/div>\t\t\t\t<\/div>\n\t\t\t\t<\/div>\n\t\t\t\t\t<\/div>\n\t\t<\/div>\n\t\t\t\t\t<\/div>\n\t\t<\/section>\n\t\t\t\t<\/div>","protected":false},"excerpt":{"rendered":"<p>Blefaroplastyka (korekcja powiek) Miofrenuloplastyka (podci\u0119cie w\u0119dzide\u0142ka j\u0119zyka) Badanie endoskopowe nosogard\u0142a i zatok<\/p>","protected":false},"author":3,"featured_media":0,"parent":0,"menu_order":0,"comment_status":"closed","ping_status":"closed","template":"","meta":{"footnotes":""},"class_list":["post-1793","page","type-page","status-publish","hentry"],"_links":{"self":[{"href":"https:\/\/arbovitaclinic.com\/ua\/wp-json\/wp\/v2\/pages\/1793","targetHints":{"allow":["GET"]}}],"collection":[{"href":"https:\/\/arbovitaclinic.com\/ua\/wp-json\/wp\/v2\/pages"}],"about":[{"href":"https:\/\/arbovitaclinic.com\/ua\/wp-json\/wp\/v2\/types\/page"}],"author":[{"embeddable":true,"href":"https:\/\/arbovitaclinic.com\/ua\/wp-json\/wp\/v2\/users\/3"}],"replies":[{"embeddable":true,"href":"https:\/\/arbovitaclinic.com\/ua\/wp-json\/wp\/v2\/comments?post=1793"}],"version-history":[{"count":4,"href":"https:\/\/arbovitaclinic.com\/ua\/wp-json\/wp\/v2\/pages\/1793\/revisions"}],"predecessor-version":[{"id":1910,"href":"https:\/\/arbovitaclinic.com\/ua\/wp-json\/wp\/v2\/pages\/1793\/revisions\/1910"}],"wp:attachment":[{"href":"https:\/\/arbovitaclinic.com\/ua\/wp-json\/wp\/v2\/media?parent=1793"}],"curies":[{"name":"wp","href":"https:\/\/api.w.org\/{rel}","templated":true}]}}