{"id":1795,"date":"2025-03-21T16:49:33","date_gmt":"2025-03-21T15:49:33","guid":{"rendered":"https:\/\/arbovitaclinic.com\/?page_id=1795"},"modified":"2025-03-24T21:06:29","modified_gmt":"2025-03-24T20:06:29","slug":"miofrenuloplastyka-podciecie-wedzidelka-jezyka","status":"publish","type":"page","link":"https:\/\/arbovitaclinic.com\/ua\/miofrenuloplastyka-podciecie-wedzidelka-jezyka\/","title":{"rendered":"\u041c\u0456\u043e\u0444\u0440\u0435\u043d\u0443\u043b\u043e\u043f\u043b\u0430\u0441\u0442\u0438\u043a\u0430 (\u043f\u0456\u0434\u0440\u0456\u0437\u0430\u043d\u043d\u044f \u0432\u0443\u0437\u0434\u0435\u0447\u043a\u0438 \u044f\u0437\u0438\u043a\u0430)"},"content":{"rendered":"<div data-elementor-type=\"wp-page\" data-elementor-id=\"1795\" class=\"elementor elementor-1795\">\n\t\t\t\t\t\t<section class=\"elementor-section elementor-top-section elementor-element elementor-element-f2b404b elementor-section-boxed elementor-section-height-default elementor-section-height-default\" data-id=\"f2b404b\" data-element_type=\"section\">\n\t\t\t\t\t\t<div class=\"elementor-container elementor-column-gap-default\">\n\t\t\t\t\t<div class=\"elementor-column elementor-col-100 elementor-top-column elementor-element elementor-element-0b43f9c\" data-id=\"0b43f9c\" data-element_type=\"column\">\n\t\t\t<div class=\"elementor-widget-wrap elementor-element-populated\">\n\t\t\t\t\t\t<div class=\"elementor-element elementor-element-84f2f47 elementor-position-top elementor-widget elementor-widget-image-box\" data-id=\"84f2f47\" data-element_type=\"widget\" data-widget_type=\"image-box.default\">\n\t\t\t\t<div class=\"elementor-widget-container\">\n\t\t\t\t\t<div class=\"elementor-image-box-wrapper\"><figure class=\"elementor-image-box-img\"><img fetchpriority=\"high\" decoding=\"async\" width=\"457\" height=\"437\" src=\"https:\/\/arbovitaclinic.com\/wp-content\/uploads\/2025\/03\/Medical-Animation-Still-Shot-Explaining-Tongue-tie_cleanup-1-e1742827925717.jpg\" class=\"attachment-full size-full wp-image-1847\" alt=\"\" srcset=\"https:\/\/arbovitaclinic.com\/wp-content\/uploads\/2025\/03\/Medical-Animation-Still-Shot-Explaining-Tongue-tie_cleanup-1-e1742827925717.jpg 457w, https:\/\/arbovitaclinic.com\/wp-content\/uploads\/2025\/03\/Medical-Animation-Still-Shot-Explaining-Tongue-tie_cleanup-1-e1742827925717-300x287.jpg 300w, https:\/\/arbovitaclinic.com\/wp-content\/uploads\/2025\/03\/Medical-Animation-Still-Shot-Explaining-Tongue-tie_cleanup-1-e1742827925717-13x12.jpg 13w\" sizes=\"(max-width: 457px) 100vw, 457px\" \/><\/figure><div class=\"elementor-image-box-content\"><h3 class=\"elementor-image-box-title\">Miofrenuloplastyka \u2013 skuteczny spos\u00f3b na pe\u0142n\u0105 swobod\u0119 j\u0119zyka!<\/h3><p class=\"elementor-image-box-description\">Czy masz trudno\u015bci z prawid\u0142ow\u0105 wymow\u0105, odczuwasz napi\u0119cie w mi\u0119\u015bniach szyi? \nMasz trudno\u015bci w utrzymaniu prawid\u0142owej pozycji spoczynkowej j\u0119zyka, a ortodonta zwr\u00f3ci\u0142 uwag\u0119 na nieprawid\u0142owe po\u0142ykanie?\nChrapiesz, u\u017cytkujesz szyn\u0119 relaksacyjn\u0105 i leczysz bruksizm?\nA mo\u017ce zaobserwowa\u0142e\u015b, \u017ce Twoje dziecko ma problem z ruchomo\u015bci\u0105 j\u0119zyka? \nW Przychodni Arbovita oferujemy innowacyjny zabieg miofrenuloplastyki, kt\u00f3ry skutecznie poprawia funkcjonalno\u015b\u0107 j\u0119zyka i jako\u015b\u0107 \u017cycia pacjent\u00f3w.<\/p><\/div><\/div>\t\t\t\t<\/div>\n\t\t\t\t<\/div>\n\t\t\t\t\t<\/div>\n\t\t<\/div>\n\t\t\t\t\t<\/div>\n\t\t<\/section>\n\t\t\t\t<section class=\"elementor-section elementor-top-section elementor-element elementor-element-ef17631 elementor-section-boxed elementor-section-height-default elementor-section-height-default\" data-id=\"ef17631\" data-element_type=\"section\">\n\t\t\t\t\t\t<div class=\"elementor-container elementor-column-gap-default\">\n\t\t\t\t\t<div class=\"elementor-column elementor-col-50 elementor-top-column elementor-element elementor-element-f8c245e\" data-id=\"f8c245e\" data-element_type=\"column\">\n\t\t\t<div class=\"elementor-widget-wrap elementor-element-populated\">\n\t\t\t\t\t\t<div class=\"elementor-element elementor-element-610f483 elementor-position-right elementor-vertical-align-top elementor-widget elementor-widget-image-box\" data-id=\"610f483\" data-element_type=\"widget\" data-widget_type=\"image-box.default\">\n\t\t\t\t<div class=\"elementor-widget-container\">\n\t\t\t\t\t<div class=\"elementor-image-box-wrapper\"><figure class=\"elementor-image-box-img\"><img decoding=\"async\" width=\"1393\" height=\"1336\" src=\"https:\/\/arbovitaclinic.com\/wp-content\/uploads\/2025\/03\/20250324_163136.jpg\" class=\"attachment-2048x2048 size-2048x2048 wp-image-1875\" alt=\"\" srcset=\"https:\/\/arbovitaclinic.com\/wp-content\/uploads\/2025\/03\/20250324_163136.jpg 1393w, https:\/\/arbovitaclinic.com\/wp-content\/uploads\/2025\/03\/20250324_163136-300x288.jpg 300w, https:\/\/arbovitaclinic.com\/wp-content\/uploads\/2025\/03\/20250324_163136-1024x982.jpg 1024w, https:\/\/arbovitaclinic.com\/wp-content\/uploads\/2025\/03\/20250324_163136-768x737.jpg 768w, https:\/\/arbovitaclinic.com\/wp-content\/uploads\/2025\/03\/20250324_163136-13x12.jpg 13w\" sizes=\"(max-width: 1393px) 100vw, 1393px\" \/><\/figure><div class=\"elementor-image-box-content\"><h3 class=\"elementor-image-box-title\">W\u0119dzide\u0142ko - z czego si\u0119 sk\u0142ada?<\/h3><p class=\"elementor-image-box-description\">W\u0119dzide\u0142ko - z czego si\u0119 sk\u0142ada?\nW\u0119dzide\u0142ko j\u0119zyka to nie tylko cienki fa\u0142d b\u0142ony \u015bluzowej, ale kompleksowa struktura sk\u0142adaj\u0105ca si\u0119 z b\u0142ony \u015bluzowej, powi\u0119zi oraz w\u0142\u00f3kien mi\u0119\u015bnia br\u00f3dkowo-j\u0119zykowego (genioglossus). Jego budowa wp\u0142ywa na zakres ruchomo\u015bci j\u0119zyka, a jego skr\u00f3cenie mo\u017ce powodowa\u0107 problemy z mow\u0105, funkcjami j\u0119zyka oraz z napi\u0119ciem mi\u0119\u015bniowym.<\/p><\/div><\/div>\t\t\t\t<\/div>\n\t\t\t\t<\/div>\n\t\t\t\t\t<\/div>\n\t\t<\/div>\n\t\t\t\t<div class=\"elementor-column elementor-col-50 elementor-top-column elementor-element elementor-element-612244c\" data-id=\"612244c\" data-element_type=\"column\">\n\t\t\t<div class=\"elementor-widget-wrap elementor-element-populated\">\n\t\t\t\t\t\t<div class=\"elementor-element elementor-element-9d640bf elementor-widget elementor-widget-text-editor\" data-id=\"9d640bf\" data-element_type=\"widget\" data-widget_type=\"text-editor.default\">\n\t\t\t\t<div class=\"elementor-widget-container\">\n\t\t\t\t\t\t\t\t\t<h4><strong>Miofrenuloplastyka<\/strong><\/h4><p data-pm-slice=\"1 1 []\">W\u00a0wielu gabinetach standardowe zabiegi frenotomii (podci\u0119cia w\u0119dzide\u0142ka j\u0119zyka) ograniczaj\u0105 si\u0119 do\u00a0prostego przeci\u0119cia b\u0142ony \u015bluzowej, co\u00a0cz\u0119sto nie\u00a0daje pe\u0142nych efekt\u00f3w terapeutycznych<\/p><p data-pm-slice=\"1 1 []\"><strong>Miofrenuloplastyka<\/strong> to\u00a0nowoczesna technika chirurgiczna polegaj\u0105ca na\u00a0precyzyjnym poszerzeniu zakresu ruchomo\u015bci j\u0119zyka poprzez korekcj\u0119 skr\u00f3conego w\u0119dzide\u0142ka. Jest to\u00a0zaawansowany, ale\u00a0bezpieczny zabieg, kt\u00f3ry\u00a0pomaga w\u00a0leczeniu <strong>ankyloglosji<\/strong> \u2013 schorzenia ograniczaj\u0105cego swobodny ruch j\u0119zyka oraz jego funkcje.<\/p>\t\t\t\t\t\t\t\t<\/div>\n\t\t\t\t<\/div>\n\t\t\t\t\t<\/div>\n\t\t<\/div>\n\t\t\t\t\t<\/div>\n\t\t<\/section>\n\t\t\t\t<section class=\"elementor-section elementor-top-section elementor-element elementor-element-005e9a6 elementor-section-boxed elementor-section-height-default elementor-section-height-default\" data-id=\"005e9a6\" data-element_type=\"section\">\n\t\t\t\t\t\t<div class=\"elementor-container elementor-column-gap-default\">\n\t\t\t\t\t<div class=\"elementor-column elementor-col-100 elementor-top-column elementor-element elementor-element-b40d045\" data-id=\"b40d045\" data-element_type=\"column\">\n\t\t\t<div class=\"elementor-widget-wrap elementor-element-populated\">\n\t\t\t\t\t\t<div class=\"elementor-element elementor-element-6b9d8ad elementor-widget elementor-widget-text-editor\" data-id=\"6b9d8ad\" data-element_type=\"widget\" data-widget_type=\"text-editor.default\">\n\t\t\t\t<div class=\"elementor-widget-container\">\n\t\t\t\t\t\t\t\t\t<h3 data-pm-slice=\"1 1 []\"><strong>Jak przebiega leczenie?<\/strong><\/h3><p>W przychodni Arbovita zapewniamy kompleksow\u0105 opiek\u0119 pacjentom od pocz\u0105tku do zako\u0144czenia leczenia. Proces terapii obejmuje kilka etap\u00f3w, realizowanych przez nasz do\u015bwiadczony zesp\u00f3\u0142 specjalist\u00f3w:<\/p><p>\ud83d\udd39 <strong>Ocena logopedyczna i przygotowanie do zabiegu<\/strong> \u2013 Nasza logopedka, mgr\u00a0Anna Ko\u017alik, przeprowadza dok\u0142adn\u0105 diagnoz\u0119 funkcjonaln\u0105 j\u0119zyka, oceniaj\u0105c jego ruchomo\u015b\u0107 i\u00a0wp\u0142yw na\u00a0mow\u0119 oraz\u00a0funkcje. Wdra\u017cana jest terapia przygotowawcza, maj\u0105ca na\u00a0celu przygotowanie pacjenta do zabiegu.<\/p><p>\ud83d\udd39 <strong>Kwalifikacja i zabieg<\/strong> \u2013 Je\u015bli logopeda stwierdzi konieczno\u015b\u0107 interwencji chirurgicznej, pacjent jest kierowany na\u00a0konsultacj\u0119 do\u00a0dr\u00a0Krzysztofa \u015aliwi\u0144skiego, kt\u00f3ry\u00a0kwalifikuje i\u00a0wykonuje zabieg miofrenuloplastyki. Procedura przeprowadzana jest w\u00a0znieczuleniu miejscowym i\u00a0polega na\u00a0plastyce w\u0119dzide\u0142ka wraz z\u00a0uwolnieniem mi\u0119\u015bni, co\u00a0zapewnia trwa\u0142y efekt. Ca\u0142o\u015b\u0107 trwa oko\u0142o 20-30 min.<\/p><p>\ud83d\udd39 <strong>Rehabilitacja i opieka po zabiegu<\/strong> \u2013 Po\u00a0zabiegu pacjent wraca pod\u00a0opiek\u0119 mgr\u00a0Anny Ko\u017alik, kt\u00f3ra\u00a0prowadzi terapi\u0119 logopedyczn\u0105 wspomagaj\u0105c\u0105 prawid\u0142owe funkcjonowanie j\u0119zyka i\u00a0zapobiegaj\u0105c\u0105 powstawaniu blizn ograniczaj\u0105cych jego ruchomo\u015b\u0107.\u00a0\u00a0Ju\u017c od\u00a0pierwszego dnia po\u00a0zabiegu pacjent wykonuje \u0107wiczenia poprawiaj\u0105ce funkcj\u0119 j\u0119zyka.<\/p>\t\t\t\t\t\t\t\t<\/div>\n\t\t\t\t<\/div>\n\t\t\t\t\t<\/div>\n\t\t<\/div>\n\t\t\t\t\t<\/div>\n\t\t<\/section>\n\t\t\t\t<section class=\"elementor-section elementor-top-section elementor-element elementor-element-79ccd38 elementor-section-boxed elementor-section-height-default elementor-section-height-default\" data-id=\"79ccd38\" data-element_type=\"section\">\n\t\t\t\t\t\t<div class=\"elementor-container elementor-column-gap-default\">\n\t\t\t\t\t<div class=\"elementor-column elementor-col-50 elementor-top-column elementor-element elementor-element-73ccc0a\" data-id=\"73ccc0a\" data-element_type=\"column\">\n\t\t\t<div class=\"elementor-widget-wrap elementor-element-populated\">\n\t\t\t\t\t\t<div class=\"elementor-element elementor-element-c1f530a elementor-widget elementor-widget-text-editor\" data-id=\"c1f530a\" data-element_type=\"widget\" data-widget_type=\"text-editor.default\">\n\t\t\t\t<div class=\"elementor-widget-container\">\n\t\t\t\t\t\t\t\t\t<h3 data-pm-slice=\"1 1 []\"><strong>Korzy\u015bci z miofrenuloplastyki w Arbovita:<\/strong><\/h3><p>\u2705 Poprawa jako\u015bci mowy i\u00a0wyra\u017aniejsza artykulacja.<\/p><p>\u2705 U\u0142atwienie po\u0142ykania i \u017cucia.<\/p><p>\u2705 Zmniejszenie napi\u0119cia mi\u0119\u015bniowego w\u00a0okolicach szyi i\u00a0twarzy.<\/p><p>\u2705 Mo\u017cliwo\u015b\u0107 redukcji chrapania i poprawa jako\u015bci snu.<\/p>\t\t\t\t\t\t\t\t<\/div>\n\t\t\t\t<\/div>\n\t\t\t\t\t<\/div>\n\t\t<\/div>\n\t\t\t\t<div class=\"elementor-column elementor-col-50 elementor-top-column elementor-element elementor-element-0d2dbe2\" data-id=\"0d2dbe2\" data-element_type=\"column\">\n\t\t\t<div class=\"elementor-widget-wrap elementor-element-populated\">\n\t\t\t\t\t\t<div class=\"elementor-element elementor-element-e4f1ebb elementor-widget elementor-widget-text-editor\" data-id=\"e4f1ebb\" data-element_type=\"widget\" data-widget_type=\"text-editor.default\">\n\t\t\t\t<div class=\"elementor-widget-container\">\n\t\t\t\t\t\t\t\t\t<h3 data-pm-slice=\"1 1 []\"><strong>Bezpiecze\u0144stwo i szybkie efekty<\/strong><\/h3><p>Zabieg jest <strong>bezpieczny i szybki<\/strong>, a pacjenci wracaj\u0105 do codziennych aktywno\u015bci niemal natychmiast. Nasza do\u015bwiadczona kadra dba o komfort i bezpiecze\u0144stwo ka\u017cdej osoby poddawanej procedurze.<\/p>\t\t\t\t\t\t\t\t<\/div>\n\t\t\t\t<\/div>\n\t\t\t\t\t<\/div>\n\t\t<\/div>\n\t\t\t\t\t<\/div>\n\t\t<\/section>\n\t\t\t\t<section class=\"elementor-section elementor-top-section elementor-element elementor-element-ffc427c elementor-section-boxed elementor-section-height-default elementor-section-height-default\" data-id=\"ffc427c\" data-element_type=\"section\">\n\t\t\t\t\t\t<div class=\"elementor-container elementor-column-gap-default\">\n\t\t\t\t\t<div class=\"elementor-column elementor-col-100 elementor-top-column elementor-element elementor-element-02eb2c3\" data-id=\"02eb2c3\" data-element_type=\"column\">\n\t\t\t<div class=\"elementor-widget-wrap elementor-element-populated\">\n\t\t\t\t\t\t<div class=\"elementor-element elementor-element-3de906a elementor-widget elementor-widget-text-editor\" data-id=\"3de906a\" data-element_type=\"widget\" data-widget_type=\"text-editor.default\">\n\t\t\t\t<div class=\"elementor-widget-container\">\n\t\t\t\t\t\t\t\t\t<h3 data-pm-slice=\"1 1 []\"><strong>Um\u00f3w si\u0119 na konsultacj\u0119!<\/strong><\/h3><p>Nie pozw\u00f3l, aby ankyloglossja ogranicza\u0142a Twoj\u0105 codzienno\u015b\u0107. Skontaktuj si\u0119 z nami i sprawd\u017a, jak miofrenuloplastyka mo\u017ce pom\u00f3c Tobie lub Twojemu dziecku!<\/p>\t\t\t\t\t\t\t\t<\/div>\n\t\t\t\t<\/div>\n\t\t\t\t\t<\/div>\n\t\t<\/div>\n\t\t\t\t\t<\/div>\n\t\t<\/section>\n\t\t\t\t<section class=\"elementor-section elementor-top-section elementor-element elementor-element-d28d51c elementor-section-boxed elementor-section-height-default elementor-section-height-default\" data-id=\"d28d51c\" data-element_type=\"section\">\n\t\t\t\t\t\t<div class=\"elementor-container elementor-column-gap-default\">\n\t\t\t\t\t<div class=\"elementor-column elementor-col-50 elementor-top-column elementor-element elementor-element-1582f8e\" data-id=\"1582f8e\" data-element_type=\"column\">\n\t\t\t<div class=\"elementor-widget-wrap elementor-element-populated\">\n\t\t\t\t\t\t<div class=\"elementor-element elementor-element-ce72cc8 elementor-widget elementor-widget-shortcode\" data-id=\"ce72cc8\" data-element_type=\"widget\" data-widget_type=\"shortcode.default\">\n\t\t\t\t<div class=\"elementor-widget-container\">\n\t\t\t\t\t\t\t<div class=\"elementor-shortcode\">\n<div class=\"wpcf7 no-js\" id=\"wpcf7-f405-o1\" lang=\"pl-PL\" dir=\"ltr\" data-wpcf7-id=\"405\">\n<div class=\"screen-reader-response\"><p role=\"status\" aria-live=\"polite\" aria-atomic=\"true\"><\/p> <ul><\/ul><\/div>\n<form action=\"\/ua\/wp-json\/wp\/v2\/pages\/1795#wpcf7-f405-o1\" method=\"post\" class=\"wpcf7-form init\" aria-label=\"Formularz kontaktowy\" novalidate=\"novalidate\" data-status=\"init\" data-trp-original-action=\"\/ua\/wp-json\/wp\/v2\/pages\/1795#wpcf7-f405-o1\">\n<fieldset class=\"hidden-fields-container\"><input type=\"hidden\" name=\"_wpcf7\" value=\"405\" \/><input type=\"hidden\" name=\"_wpcf7_version\" value=\"6.1.1\" \/><input type=\"hidden\" name=\"_wpcf7_locale\" value=\"pl_PL\" \/><input type=\"hidden\" name=\"_wpcf7_unit_tag\" value=\"wpcf7-f405-o1\" \/><input type=\"hidden\" name=\"_wpcf7_container_post\" value=\"0\" \/><input type=\"hidden\" name=\"_wpcf7_posted_data_hash\" value=\"\" \/><input type=\"hidden\" name=\"_wpcf7_recaptcha_response\" value=\"\" \/>\n<\/fieldset>\n<div class=\"container\">\n\t<div class=\"row mb-4\">\n\t\t<div class=\"col col-12\">\n\t\t\t<p><span class=\"wpcf7-form-control-wrap\" data-name=\"doctor\"><select class=\"wpcf7-form-control wpcf7-select wpcf7-validates-as-required form-control\" aria-required=\"true\" aria-invalid=\"false\" name=\"doctor\"><option value=\"Wybierz lekarza\">Wybierz lekarza<\/option><option value=\"Monika \u015alusarczyk-Pi\u00f3rek (endokrynologia)\">Monika \u015alusarczyk-Pi\u00f3rek (endokrynologia)<\/option><option value=\"Tetiana Zakharchuk (psychiatria)\">Tetiana Zakharchuk (psychiatria)<\/option><option value=\"Tetiana Demyda (pediatria)\">Tetiana Demyda (pediatria)<\/option><option value=\"Jakub Szczerba (Ortopedia,Chirurgia urazowo-ortopedyczna)\">Jakub Szczerba (Ortopedia,Chirurgia urazowo-ortopedyczna)<\/option><option value=\"Karol Nowak (kardiologia)\">Karol Nowak (kardiologia)<\/option><option value=\"Lesia Vovnianko (psychiatria)\">Lesia Vovnianko (psychiatria)<\/option><option value=\"Olesia Parashchuk (psychiatria)\">Olesia Parashchuk (psychiatria)<\/option><option value=\"Olga Sobczak (otolaryngologia)\">Olga Sobczak (otolaryngologia)<\/option><option value=\"Oleksander Soroka (ortopedia)\">Oleksander Soroka (ortopedia)<\/option><option value=\"Anna Tarczy\u0144ska (ginekologia i po\u0142o\u017cnictwo)\">Anna Tarczy\u0144ska (ginekologia i po\u0142o\u017cnictwo)<\/option><option value=\"Viacheslav Biletskyi (POZ, kardiologia)\">Viacheslav Biletskyi (POZ, kardiologia)<\/option><option value=\"Konrad St\u0119pie\u0144 (kardiologia)\">Konrad St\u0119pie\u0144 (kardiologia)<\/option><option value=\"Nikulina Nataliia (neurologia)\">Nikulina Nataliia (neurologia)<\/option><option value=\"Gabriela Blat (fizjoterapia)\">Gabriela Blat (fizjoterapia)<\/option><option value=\"Olena Yermolina (ginekologia)\">Olena Yermolina (ginekologia)<\/option><option value=\"Yuliia Demchenko (dermatologia)\">Yuliia Demchenko (dermatologia)<\/option><option value=\"Anastasiia Shcherbatiuk (pediatria)\">Anastasiia Shcherbatiuk (pediatria)<\/option><option value=\"mgr Maria Przyborowska-Sapek (dietetyk)\">mgr Maria Przyborowska-Sapek (dietetyk)<\/option><option value=\"Anna Tsvietkova-Kaniuk (pediatria, medycyna rodzinna)\">Anna Tsvietkova-Kaniuk (pediatria, medycyna rodzinna)<\/option><option value=\"Denys Diachuk (urologia)\">Denys Diachuk (urologia)<\/option><option value=\"Anhzelika Diachuk (ginekologia, medycyna estetyczna)\">Anhzelika Diachuk (ginekologia, medycyna estetyczna)<\/option><option value=\"Diana Pawluk-\u015aliwi\u0144ska (medycyna estetyczna)\">Diana Pawluk-\u015aliwi\u0144ska (medycyna estetyczna)<\/option><option value=\"Krzysztof \u015aliwi\u0144ski (chirurgia szcz\u0119kowo-twarzowa)\">Krzysztof \u015aliwi\u0144ski (chirurgia szcz\u0119kowo-twarzowa)<\/option><option value=\"Anna Ko\u017alik (logopeda)\">Anna Ko\u017alik (logopeda)<\/option><option value=\"Marcin Wilk (chirurgia estetczna)\">Marcin Wilk (chirurgia estetczna)<\/option><\/select><\/span>\n\t\t\t<\/p>\n\t\t<\/div>\n\t<\/div>\n\t<div class=\"row\">\n\t\t<div class=\"col col-6\">\n\t\t\t<p><span class=\"wpcf7-form-control-wrap\" data-name=\"firstname\"><input size=\"40\" maxlength=\"400\" class=\"wpcf7-form-control wpcf7-text wpcf7-validates-as-required form-control\" aria-required=\"true\" aria-invalid=\"false\" placeholder=\"\u0406\u043c&#039;\u044f\" value=\"\" type=\"text\" name=\"firstname\" \/><\/span>\n\t\t\t<\/p>\n\t\t<\/div>\n\t\t<div class=\"col col-6\">\n\t\t\t<p><span class=\"wpcf7-form-control-wrap\" data-name=\"surname\"><input size=\"40\" maxlength=\"400\" class=\"wpcf7-form-control wpcf7-text wpcf7-validates-as-required form-control\" aria-required=\"true\" aria-invalid=\"false\" placeholder=\"\u041f\u0440\u0456\u0437\u0432\u0438\u0449\u0435\" value=\"\" type=\"text\" name=\"surname\" \/><\/span>\n\t\t\t<\/p>\n\t\t<\/div>\n\t<\/div>\n\t<div class=\"row\">\n\t\t<div class=\"col col-6\">\n\t\t\t<p><span class=\"wpcf7-form-control-wrap\" data-name=\"phone\"><input size=\"40\" maxlength=\"400\" class=\"wpcf7-form-control wpcf7-text wpcf7-validates-as-required form-control\" aria-required=\"true\" aria-invalid=\"false\" placeholder=\"\u0442\u0435\u043b\u0435\u0444\u043e\u043d\" value=\"\" type=\"text\" name=\"phone\" \/><\/span>\n\t\t\t<\/p>\n\t\t<\/div>\n\t\t<div class=\"col col-6\">\n\t\t\t<p><span class=\"wpcf7-form-control-wrap\" data-name=\"mail\"><input size=\"40\" maxlength=\"400\" class=\"wpcf7-form-control wpcf7-email wpcf7-validates-as-required wpcf7-text wpcf7-validates-as-email form-control\" aria-required=\"true\" aria-invalid=\"false\" placeholder=\"\u0415\u043b\u0435\u043a\u0442\u0440\u043e\u043d\u043d\u0430 \u043f\u043e\u0448\u0442\u0430\" value=\"\" type=\"email\" name=\"mail\" \/><\/span>\n\t\t\t<\/p>\n\t\t<\/div>\n\t<\/div>\n\t<div class=\"row\">\n\t\t<div class=\"col col-12\">\n\t\t\t<p><input class=\"wpcf7-form-control wpcf7-submit has-spinner btn-gold\" type=\"submit\" value=\"Zapytaj o wolny termin\" \/>\n\t\t\t<\/p>\n\t\t<\/div>\n\t<\/div>\n<\/div><div class=\"wpcf7-response-output\" aria-hidden=\"true\"><\/div>\n<input type=\"hidden\" name=\"trp-form-language\" value=\"ua\"\/><\/form>\n<\/div>\n<\/div>\n\t\t\t\t\t\t<\/div>\n\t\t\t\t<\/div>\n\t\t\t\t\t<\/div>\n\t\t<\/div>\n\t\t\t\t<div class=\"elementor-column elementor-col-50 elementor-top-column elementor-element elementor-element-c19042f\" data-id=\"c19042f\" data-element_type=\"column\">\n\t\t\t<div class=\"elementor-widget-wrap elementor-element-populated\">\n\t\t\t\t\t\t<div class=\"elementor-element elementor-element-db9008a elementor-widget elementor-widget-html\" data-id=\"db9008a\" data-element_type=\"widget\" data-widget_type=\"html.default\">\n\t\t\t\t<div class=\"elementor-widget-container\">\n\t\t\t\t\t<button\r\n    class=\"btn-mydr-pp\"\r\n    data-doctor=\"annako\u017alik\"\r\n    data-speciality=\"logopeda\"\r\n    data-visitkind=\"Prywatna\"\r\n    data-evisit=\"true\"\r\n    data-appname=\"drw\"\r\n    data-token=\"eyJhbGciOiJIUzI1NiIsInR5cCI6IkpXVCJ9.eyJmYWNpbGl0eV9pZCI6MjIwNzF9.Ldc2sMtzHyG2h-25h1WSTf4c_bs5pOnbJ2TO5GIVwdI\"\r\n>\r\n<\/button>\t\t\t\t<\/div>\n\t\t\t\t<\/div>\n\t\t\t\t\t<\/div>\n\t\t<\/div>\n\t\t\t\t\t<\/div>\n\t\t<\/section>\n\t\t\t\t<\/div>","protected":false},"excerpt":{"rendered":"<p>Miofrenuloplastyka \u2013 skuteczny spos\u00f3b na pe\u0142n\u0105 swobod\u0119 j\u0119zyka! Czy masz trudno\u015bci z prawid\u0142ow\u0105 wymow\u0105, odczuwasz napi\u0119cie w mi\u0119\u015bniach szyi? Masz trudno\u015bci w [&hellip;]<\/p>","protected":false},"author":3,"featured_media":0,"parent":0,"menu_order":0,"comment_status":"closed","ping_status":"closed","template":"","meta":{"footnotes":""},"class_list":["post-1795","page","type-page","status-publish","hentry"],"_links":{"self":[{"href":"https:\/\/arbovitaclinic.com\/ua\/wp-json\/wp\/v2\/pages\/1795","targetHints":{"allow":["GET"]}}],"collection":[{"href":"https:\/\/arbovitaclinic.com\/ua\/wp-json\/wp\/v2\/pages"}],"about":[{"href":"https:\/\/arbovitaclinic.com\/ua\/wp-json\/wp\/v2\/types\/page"}],"author":[{"embeddable":true,"href":"https:\/\/arbovitaclinic.com\/ua\/wp-json\/wp\/v2\/users\/3"}],"replies":[{"embeddable":true,"href":"https:\/\/arbovitaclinic.com\/ua\/wp-json\/wp\/v2\/comments?post=1795"}],"version-history":[{"count":24,"href":"https:\/\/arbovitaclinic.com\/ua\/wp-json\/wp\/v2\/pages\/1795\/revisions"}],"predecessor-version":[{"id":1903,"href":"https:\/\/arbovitaclinic.com\/ua\/wp-json\/wp\/v2\/pages\/1795\/revisions\/1903"}],"wp:attachment":[{"href":"https:\/\/arbovitaclinic.com\/ua\/wp-json\/wp\/v2\/media?parent=1795"}],"curies":[{"name":"wp","href":"https:\/\/api.w.org\/{rel}","templated":true}]}}