{"id":2260,"date":"2025-08-05T14:35:09","date_gmt":"2025-08-05T12:35:09","guid":{"rendered":"https:\/\/arbovitaclinic.com\/?page_id=2260"},"modified":"2025-08-05T14:36:01","modified_gmt":"2025-08-05T12:36:01","slug":"korekcja-malzowin-usznych","status":"publish","type":"page","link":"https:\/\/arbovitaclinic.com\/ua\/chirurgia\/korekcja-malzowin-usznych\/","title":{"rendered":"Korekcja ma\u0142\u017cowin usznych"},"content":{"rendered":"<div data-elementor-type=\"wp-page\" data-elementor-id=\"2260\" class=\"elementor elementor-2260\">\n\t\t\t\t\t\t<section class=\"elementor-section elementor-top-section elementor-element elementor-element-f0ed07b elementor-section-content-middle elementor-section-boxed elementor-section-height-default elementor-section-height-default\" data-id=\"f0ed07b\" data-element_type=\"section\" data-settings=\"{&quot;background_background&quot;:&quot;classic&quot;}\">\n\t\t\t\t\t\t\t<div class=\"elementor-background-overlay\"><\/div>\n\t\t\t\t\t\t\t<div class=\"elementor-container elementor-column-gap-no\">\n\t\t\t\t\t<div class=\"elementor-column elementor-col-100 elementor-top-column elementor-element elementor-element-1b52cfe\" data-id=\"1b52cfe\" data-element_type=\"column\">\n\t\t\t<div class=\"elementor-widget-wrap elementor-element-populated\">\n\t\t\t\t\t\t<div class=\"elementor-element elementor-element-4e4e754 elementor-widget elementor-widget-heading\" data-id=\"4e4e754\" data-element_type=\"widget\" data-widget_type=\"heading.default\">\n\t\t\t\t<div class=\"elementor-widget-container\">\n\t\t\t\t\t<h1 class=\"elementor-heading-title elementor-size-default\">Korekcja ma\u0142\u017cowin usznych\n w Krakowie\n<\/h1>\t\t\t\t<\/div>\n\t\t\t\t<\/div>\n\t\t\t\t<div class=\"elementor-element elementor-element-36c1a2c elementor-widget elementor-widget-heading\" data-id=\"36c1a2c\" data-element_type=\"widget\" data-widget_type=\"heading.default\">\n\t\t\t\t<div class=\"elementor-widget-container\">\n\t\t\t\t\t<h5 class=\"elementor-heading-title elementor-size-default\">Zapewniamy kompleksowe us\u0142ugi z zakresu chirurgii<\/h5>\t\t\t\t<\/div>\n\t\t\t\t<\/div>\n\t\t\t\t\t<\/div>\n\t\t<\/div>\n\t\t\t\t\t<\/div>\n\t\t<\/section>\n\t\t\t\t<section class=\"elementor-section elementor-top-section elementor-element elementor-element-1a50128 elementor-section-content-middle elementor-section-boxed elementor-section-height-default elementor-section-height-default\" data-id=\"1a50128\" data-element_type=\"section\">\n\t\t\t\t\t\t<div class=\"elementor-container elementor-column-gap-no\">\n\t\t\t\t\t<div class=\"elementor-column elementor-col-50 elementor-top-column elementor-element elementor-element-d670cb4\" data-id=\"d670cb4\" data-element_type=\"column\">\n\t\t\t<div class=\"elementor-widget-wrap elementor-element-populated\">\n\t\t\t\t\t\t<div class=\"elementor-element elementor-element-f613a07 elementor-widget elementor-widget-heading\" data-id=\"f613a07\" data-element_type=\"widget\" data-widget_type=\"heading.default\">\n\t\t\t\t<div class=\"elementor-widget-container\">\n\t\t\t\t\t<h2 class=\"elementor-heading-title elementor-size-default\">Korekcja ma\u0142\u017cowin usznych \u2013 jak przebiega ten zabieg i o czym pami\u0119ta\u0107\n<\/h2>\t\t\t\t<\/div>\n\t\t\t\t<\/div>\n\t\t\t\t\t<\/div>\n\t\t<\/div>\n\t\t\t\t<div class=\"elementor-column elementor-col-50 elementor-top-column elementor-element elementor-element-13e6e86\" data-id=\"13e6e86\" data-element_type=\"column\">\n\t\t\t<div class=\"elementor-widget-wrap elementor-element-populated\">\n\t\t\t\t\t\t<div class=\"elementor-element elementor-element-d2cc906 elementor-widget elementor-widget-text-editor\" data-id=\"d2cc906\" data-element_type=\"widget\" data-widget_type=\"text-editor.default\">\n\t\t\t\t<div class=\"elementor-widget-container\">\n\t\t\t\t\t\t\t\t\t<p><span style=\"font-weight: 400;\">Zbyt odstaj\u0105ce uszy mog\u0105 by\u0107 \u017ar\u00f3d\u0142em kompleks\u00f3w zar\u00f3wno u dzieci, jak i doros\u0142ych. W\u0142a\u015bnie dlatego du\u017co os\u00f3b decyduje si\u0119 na ich popraw\u0119. Korekcja ma\u0142\u017cowin usznych to bezpieczny i skuteczny zabieg, kt\u00f3ry pozwala trwale zmieni\u0107 kszta\u0142t lub po\u0142o\u017cenie uszu. W naszej klinice wykonujemy go z najwy\u017csz\u0105 precyzj\u0105 i trosk\u0105 o komfort ka\u017cdego pacjenta.<\/span><\/p><p><span style=\"font-weight: 400;\">Zabieg odbywa si\u0119 najcz\u0119\u015bciej w znieczuleniu miejscowym i trwa od 1 do 2 godzin. Chirurg wykonuje niewielkie naci\u0119cie za uchem, a nast\u0119pnie modeluje chrz\u0105stk\u0119 tak, by uzyska\u0107 naturalny i symetryczny kszta\u0142t. Szwy zdejmowane s\u0105 po oko\u0142o 7 dniach, a ostateczny efekt widoczny jest po kilku tygodniach. Przed korekcj\u0105 przeprowadzamy szczeg\u00f3\u0142ow\u0105 konsultacj\u0119, podczas kt\u00f3rej omawiamy Twoje oczekiwania oraz mo\u017cliwe rezultaty.<\/span><\/p><p><span style=\"font-weight: 400;\">Pami\u0119taj, \u017ce przez kilka dni po zabiegu nale\u017cy nosi\u0107 specjaln\u0105 opask\u0119 uciskow\u0105, kt\u00f3ra stabilizuje nowe ustawienie ma\u0142\u017cowin. Unikaj intensywnego wysi\u0142ku fizycznego i chro\u0144 uszy przed urazami. Nasz zesp\u00f3\u0142 udzieli Ci wszelkich wskaz\u00f3wek i b\u0119dzie czuwa\u0142 nad Twoim bezpiecze\u0144stwem na ka\u017cdym etapie.<\/span><\/p>\t\t\t\t\t\t\t\t<\/div>\n\t\t\t\t<\/div>\n\t\t\t\t\t<\/div>\n\t\t<\/div>\n\t\t\t\t\t<\/div>\n\t\t<\/section>\n\t\t\t\t<section class=\"elementor-section elementor-top-section elementor-element elementor-element-95bd934 elementor-section-content-middle elementor-section-boxed elementor-section-height-default elementor-section-height-default\" data-id=\"95bd934\" data-element_type=\"section\">\n\t\t\t\t\t\t<div class=\"elementor-container elementor-column-gap-no\">\n\t\t\t\t\t<div class=\"elementor-column elementor-col-50 elementor-top-column elementor-element elementor-element-0cb5077\" data-id=\"0cb5077\" data-element_type=\"column\">\n\t\t\t<div class=\"elementor-widget-wrap elementor-element-populated\">\n\t\t\t\t\t\t<div class=\"elementor-element elementor-element-d10fb49 elementor-widget elementor-widget-heading\" data-id=\"d10fb49\" data-element_type=\"widget\" data-widget_type=\"heading.default\">\n\t\t\t\t<div class=\"elementor-widget-container\">\n\t\t\t\t\t<h2 class=\"elementor-heading-title elementor-size-default\">Dlaczego i kiedy warto zdecydowa\u0107 si\u0119 na korekcj\u0119 ma\u0142\u017cowin usznych?\n<\/h2>\t\t\t\t<\/div>\n\t\t\t\t<\/div>\n\t\t\t\t\t<\/div>\n\t\t<\/div>\n\t\t\t\t<div class=\"elementor-column elementor-col-50 elementor-top-column elementor-element elementor-element-fdb42a4\" data-id=\"fdb42a4\" data-element_type=\"column\">\n\t\t\t<div class=\"elementor-widget-wrap elementor-element-populated\">\n\t\t\t\t\t\t<div class=\"elementor-element elementor-element-3340ba3 elementor-widget elementor-widget-text-editor\" data-id=\"3340ba3\" data-element_type=\"widget\" data-widget_type=\"text-editor.default\">\n\t\t\t\t<div class=\"elementor-widget-container\">\n\t\t\t\t\t\t\t\t\t<p><span style=\"font-weight: 400;\">Korekcja ma\u0142\u017cowin usznych to zabieg, na kt\u00f3ry decyduj\u0105 si\u0119 osoby niezadowolone z wygl\u0105du swoich uszu. Najcz\u0119\u015bciej chodzi o odstaj\u0105ce ma\u0142\u017cowiny, kt\u00f3re bywaj\u0105 powodem nieprzyjemnych komentarzy czy braku pewno\u015bci siebie. Takie sytuacje dotykaj\u0105 zar\u00f3wno dzieci, jak i doros\u0142ych.<\/span><\/p><p><span style=\"font-weight: 400;\">Je\u015bli czujesz, \u017ce wygl\u0105d Twoich uszu negatywnie wp\u0142ywa na samoocen\u0119 lub komfort psychiczny, warto rozwa\u017cy\u0107 ten prosty i bezpieczny zabieg. Otoplastyka pozwala nie tylko na popraw\u0119 wygl\u0105du, ale tak\u017ce na odzyskanie pewno\u015bci siebie i swobody w codziennym \u017cyciu.<\/span><\/p><p><span style=\"font-weight: 400;\">Korekcj\u0119 wykonuje si\u0119 tak\u017ce u dzieci powy\u017cej 6. roku \u017cycia, kiedy chrz\u0105stka ucha jest ju\u017c wystarczaj\u0105co rozwini\u0119ta. Im wcze\u015bniej przeprowadzona zostanie procedura, tym szybciej mo\u017cna zapobiec ewentualnym problemom emocjonalnym zwi\u0105zanym z wygl\u0105dem.<\/span><\/p>\t\t\t\t\t\t\t\t<\/div>\n\t\t\t\t<\/div>\n\t\t\t\t\t<\/div>\n\t\t<\/div>\n\t\t\t\t\t<\/div>\n\t\t<\/section>\n\t\t\t\t<section class=\"elementor-section elementor-top-section elementor-element elementor-element-1904561 elementor-section-content-middle elementor-section-boxed elementor-section-height-default elementor-section-height-default\" data-id=\"1904561\" data-element_type=\"section\">\n\t\t\t\t\t\t<div class=\"elementor-container elementor-column-gap-no\">\n\t\t\t\t\t<div class=\"elementor-column elementor-col-50 elementor-top-column elementor-element elementor-element-3514c81\" data-id=\"3514c81\" data-element_type=\"column\">\n\t\t\t<div class=\"elementor-widget-wrap elementor-element-populated\">\n\t\t\t\t\t\t<div class=\"elementor-element elementor-element-1afef46 elementor-widget elementor-widget-heading\" data-id=\"1afef46\" data-element_type=\"widget\" data-widget_type=\"heading.default\">\n\t\t\t\t<div class=\"elementor-widget-container\">\n\t\t\t\t\t<h2 class=\"elementor-heading-title elementor-size-default\">Ile kosztuje wykonanie korekcji ma\u0142\u017cowin usznych\n<\/h2>\t\t\t\t<\/div>\n\t\t\t\t<\/div>\n\t\t\t\t\t<\/div>\n\t\t<\/div>\n\t\t\t\t<div class=\"elementor-column elementor-col-50 elementor-top-column elementor-element elementor-element-f8440da\" data-id=\"f8440da\" data-element_type=\"column\">\n\t\t\t<div class=\"elementor-widget-wrap elementor-element-populated\">\n\t\t\t\t\t\t<div class=\"elementor-element elementor-element-77d4fb2 elementor-widget elementor-widget-text-editor\" data-id=\"77d4fb2\" data-element_type=\"widget\" data-widget_type=\"text-editor.default\">\n\t\t\t\t<div class=\"elementor-widget-container\">\n\t\t\t\t\t\t\t\t\t<p><span style=\"font-weight: 400;\">Koszt korekcji ma\u0142\u017cowin usznych zale\u017cy od kilku czynnik\u00f3w, takich jak stopie\u0144 trudno\u015bci zabiegu czy zastosowana technika chirurgiczna. W naszej klinice cena zabiegu ustalana jest indywidualnie podczas konsultacji lekarskiej, poniewa\u017c dbamy o to, aby ka\u017cdy pacjent otrzyma\u0142 spersonalizowan\u0105 opiek\u0119 i wycen\u0119 dostosowan\u0105 do swoich potrzeb. Obecnie jednak cena za ca\u0142y zabieg zaczyna si\u0119 od 6000 z\u0142otych. Pami\u0119taj, \u017ce wybieraj\u0105c nasz\u0105 klinik\u0119, inwestujesz w swoje dobre samopoczucie, bezpiecze\u0144stwo i trwa\u0142e efekty.<\/span><\/p>\t\t\t\t\t\t\t\t<\/div>\n\t\t\t\t<\/div>\n\t\t\t\t\t<\/div>\n\t\t<\/div>\n\t\t\t\t\t<\/div>\n\t\t<\/section>\n\t\t\t\t<section class=\"elementor-section elementor-top-section elementor-element elementor-element-be540e5 elementor-section-boxed elementor-section-height-default elementor-section-height-default\" data-id=\"be540e5\" data-element_type=\"section\">\n\t\t\t\t\t\t<div class=\"elementor-container elementor-column-gap-default\">\n\t\t\t\t\t<div class=\"elementor-column elementor-col-100 elementor-top-column elementor-element elementor-element-ca3257b\" data-id=\"ca3257b\" data-element_type=\"column\">\n\t\t\t<div class=\"elementor-widget-wrap elementor-element-populated\">\n\t\t\t\t\t\t<div class=\"elementor-element elementor-element-1682a6c elementor-widget elementor-widget-spacer\" data-id=\"1682a6c\" data-element_type=\"widget\" data-widget_type=\"spacer.default\">\n\t\t\t\t<div class=\"elementor-widget-container\">\n\t\t\t\t\t\t\t<div class=\"elementor-spacer\">\n\t\t\t<div class=\"elementor-spacer-inner\"><\/div>\n\t\t<\/div>\n\t\t\t\t\t\t<\/div>\n\t\t\t\t<\/div>\n\t\t\t\t\t<\/div>\n\t\t<\/div>\n\t\t\t\t\t<\/div>\n\t\t<\/section>\n\t\t\t\t<section class=\"elementor-section elementor-top-section elementor-element elementor-element-c74db4a elementor-section-boxed elementor-section-height-default elementor-section-height-default\" data-id=\"c74db4a\" data-element_type=\"section\">\n\t\t\t\t\t\t<div class=\"elementor-container elementor-column-gap-default\">\n\t\t\t\t\t<div class=\"elementor-column elementor-col-100 elementor-top-column elementor-element elementor-element-dfa54d9\" data-id=\"dfa54d9\" data-element_type=\"column\">\n\t\t\t<div class=\"elementor-widget-wrap elementor-element-populated\">\n\t\t\t\t\t\t<div class=\"elementor-element elementor-element-33fae25 elementor-widget elementor-widget-heading\" data-id=\"33fae25\" data-element_type=\"widget\" data-widget_type=\"heading.default\">\n\t\t\t\t<div class=\"elementor-widget-container\">\n\t\t\t\t\t<h2 class=\"elementor-heading-title elementor-size-default\">Um\u00f3w wizyt\u0119:<\/h2>\t\t\t\t<\/div>\n\t\t\t\t<\/div>\n\t\t\t\t\t<\/div>\n\t\t<\/div>\n\t\t\t\t\t<\/div>\n\t\t<\/section>\n\t\t\t\t<section class=\"elementor-section elementor-top-section elementor-element elementor-element-567881c elementor-section-boxed elementor-section-height-default elementor-section-height-default\" data-id=\"567881c\" data-element_type=\"section\">\n\t\t\t\t\t\t<div class=\"elementor-container elementor-column-gap-default\">\n\t\t\t\t\t<div class=\"elementor-column elementor-col-100 elementor-top-column elementor-element elementor-element-c2bd242\" data-id=\"c2bd242\" data-element_type=\"column\" data-settings=\"{&quot;background_background&quot;:&quot;classic&quot;}\">\n\t\t\t<div class=\"elementor-widget-wrap elementor-element-populated\">\n\t\t\t\t\t\t<div class=\"elementor-element elementor-element-529d938 elementor-widget elementor-widget-spacer\" data-id=\"529d938\" data-element_type=\"widget\" data-widget_type=\"spacer.default\">\n\t\t\t\t<div class=\"elementor-widget-container\">\n\t\t\t\t\t\t\t<div class=\"elementor-spacer\">\n\t\t\t<div class=\"elementor-spacer-inner\"><\/div>\n\t\t<\/div>\n\t\t\t\t\t\t<\/div>\n\t\t\t\t<\/div>\n\t\t\t\t<div class=\"elementor-element elementor-element-53be1d8 elementor-widget elementor-widget-shortcode\" data-id=\"53be1d8\" data-element_type=\"widget\" data-widget_type=\"shortcode.default\">\n\t\t\t\t<div class=\"elementor-widget-container\">\n\t\t\t\t\t\t\t<div class=\"elementor-shortcode\">\n<div class=\"wpcf7 no-js\" id=\"wpcf7-f405-o1\" lang=\"pl-PL\" dir=\"ltr\" data-wpcf7-id=\"405\">\n<div class=\"screen-reader-response\"><p role=\"status\" aria-live=\"polite\" aria-atomic=\"true\"><\/p> <ul><\/ul><\/div>\n<form action=\"\/ua\/wp-json\/wp\/v2\/pages\/2260#wpcf7-f405-o1\" method=\"post\" class=\"wpcf7-form init\" aria-label=\"Formularz kontaktowy\" novalidate=\"novalidate\" data-status=\"init\" data-trp-original-action=\"\/ua\/wp-json\/wp\/v2\/pages\/2260#wpcf7-f405-o1\">\n<fieldset class=\"hidden-fields-container\"><input type=\"hidden\" name=\"_wpcf7\" value=\"405\" \/><input type=\"hidden\" name=\"_wpcf7_version\" value=\"6.1.1\" \/><input type=\"hidden\" name=\"_wpcf7_locale\" value=\"pl_PL\" \/><input type=\"hidden\" name=\"_wpcf7_unit_tag\" value=\"wpcf7-f405-o1\" \/><input type=\"hidden\" name=\"_wpcf7_container_post\" value=\"0\" \/><input type=\"hidden\" name=\"_wpcf7_posted_data_hash\" value=\"\" \/><input type=\"hidden\" name=\"_wpcf7_recaptcha_response\" value=\"\" \/>\n<\/fieldset>\n<div class=\"container\">\n\t<div class=\"row mb-4\">\n\t\t<div class=\"col col-12\">\n\t\t\t<p><span class=\"wpcf7-form-control-wrap\" data-name=\"doctor\"><select class=\"wpcf7-form-control wpcf7-select wpcf7-validates-as-required form-control\" aria-required=\"true\" aria-invalid=\"false\" name=\"doctor\"><option value=\"Wybierz lekarza\">Wybierz lekarza<\/option><option value=\"Monika \u015alusarczyk-Pi\u00f3rek (endokrynologia)\">Monika \u015alusarczyk-Pi\u00f3rek (endokrynologia)<\/option><option value=\"Tetiana Zakharchuk (psychiatria)\">Tetiana Zakharchuk (psychiatria)<\/option><option value=\"Tetiana Demyda (pediatria)\">Tetiana Demyda (pediatria)<\/option><option value=\"Jakub Szczerba (Ortopedia,Chirurgia urazowo-ortopedyczna)\">Jakub Szczerba (Ortopedia,Chirurgia urazowo-ortopedyczna)<\/option><option value=\"Karol Nowak (kardiologia)\">Karol Nowak (kardiologia)<\/option><option value=\"Lesia Vovnianko (psychiatria)\">Lesia Vovnianko (psychiatria)<\/option><option value=\"Olesia Parashchuk (psychiatria)\">Olesia Parashchuk (psychiatria)<\/option><option value=\"Olga Sobczak (otolaryngologia)\">Olga Sobczak (otolaryngologia)<\/option><option value=\"Oleksander Soroka (ortopedia)\">Oleksander Soroka (ortopedia)<\/option><option value=\"Anna Tarczy\u0144ska (ginekologia i po\u0142o\u017cnictwo)\">Anna Tarczy\u0144ska (ginekologia i po\u0142o\u017cnictwo)<\/option><option value=\"Viacheslav Biletskyi (POZ, kardiologia)\">Viacheslav Biletskyi (POZ, kardiologia)<\/option><option value=\"Konrad St\u0119pie\u0144 (kardiologia)\">Konrad St\u0119pie\u0144 (kardiologia)<\/option><option value=\"Nikulina Nataliia (neurologia)\">Nikulina Nataliia (neurologia)<\/option><option value=\"Gabriela Blat (fizjoterapia)\">Gabriela Blat (fizjoterapia)<\/option><option value=\"Olena Yermolina (ginekologia)\">Olena Yermolina (ginekologia)<\/option><option value=\"Yuliia Demchenko (dermatologia)\">Yuliia Demchenko (dermatologia)<\/option><option value=\"Anastasiia Shcherbatiuk (pediatria)\">Anastasiia Shcherbatiuk (pediatria)<\/option><option value=\"mgr Maria Przyborowska-Sapek (dietetyk)\">mgr Maria Przyborowska-Sapek (dietetyk)<\/option><option value=\"Anna Tsvietkova-Kaniuk (pediatria, medycyna rodzinna)\">Anna Tsvietkova-Kaniuk (pediatria, medycyna rodzinna)<\/option><option value=\"Denys Diachuk (urologia)\">Denys Diachuk (urologia)<\/option><option value=\"Anhzelika Diachuk (ginekologia, medycyna estetyczna)\">Anhzelika Diachuk (ginekologia, medycyna estetyczna)<\/option><option value=\"Diana Pawluk-\u015aliwi\u0144ska (medycyna estetyczna)\">Diana Pawluk-\u015aliwi\u0144ska (medycyna estetyczna)<\/option><option value=\"Krzysztof \u015aliwi\u0144ski (chirurgia szcz\u0119kowo-twarzowa)\">Krzysztof \u015aliwi\u0144ski (chirurgia szcz\u0119kowo-twarzowa)<\/option><option value=\"Anna Ko\u017alik (logopeda)\">Anna Ko\u017alik (logopeda)<\/option><option value=\"Marcin Wilk (chirurgia estetczna)\">Marcin Wilk (chirurgia estetczna)<\/option><\/select><\/span>\n\t\t\t<\/p>\n\t\t<\/div>\n\t<\/div>\n\t<div class=\"row\">\n\t\t<div class=\"col col-6\">\n\t\t\t<p><span class=\"wpcf7-form-control-wrap\" data-name=\"firstname\"><input size=\"40\" maxlength=\"400\" class=\"wpcf7-form-control wpcf7-text wpcf7-validates-as-required form-control\" aria-required=\"true\" aria-invalid=\"false\" placeholder=\"\u0406\u043c&#039;\u044f\" value=\"\" type=\"text\" name=\"firstname\" \/><\/span>\n\t\t\t<\/p>\n\t\t<\/div>\n\t\t<div class=\"col col-6\">\n\t\t\t<p><span class=\"wpcf7-form-control-wrap\" data-name=\"surname\"><input size=\"40\" maxlength=\"400\" class=\"wpcf7-form-control wpcf7-text wpcf7-validates-as-required form-control\" aria-required=\"true\" aria-invalid=\"false\" placeholder=\"\u041f\u0440\u0456\u0437\u0432\u0438\u0449\u0435\" value=\"\" type=\"text\" name=\"surname\" \/><\/span>\n\t\t\t<\/p>\n\t\t<\/div>\n\t<\/div>\n\t<div class=\"row\">\n\t\t<div class=\"col col-6\">\n\t\t\t<p><span class=\"wpcf7-form-control-wrap\" data-name=\"phone\"><input size=\"40\" maxlength=\"400\" class=\"wpcf7-form-control wpcf7-text wpcf7-validates-as-required form-control\" aria-required=\"true\" aria-invalid=\"false\" placeholder=\"\u0442\u0435\u043b\u0435\u0444\u043e\u043d\" value=\"\" type=\"text\" name=\"phone\" \/><\/span>\n\t\t\t<\/p>\n\t\t<\/div>\n\t\t<div class=\"col col-6\">\n\t\t\t<p><span class=\"wpcf7-form-control-wrap\" data-name=\"mail\"><input size=\"40\" maxlength=\"400\" class=\"wpcf7-form-control wpcf7-email wpcf7-validates-as-required wpcf7-text wpcf7-validates-as-email form-control\" aria-required=\"true\" aria-invalid=\"false\" placeholder=\"\u0415\u043b\u0435\u043a\u0442\u0440\u043e\u043d\u043d\u0430 \u043f\u043e\u0448\u0442\u0430\" value=\"\" type=\"email\" name=\"mail\" \/><\/span>\n\t\t\t<\/p>\n\t\t<\/div>\n\t<\/div>\n\t<div class=\"row\">\n\t\t<div class=\"col col-12\">\n\t\t\t<p><input class=\"wpcf7-form-control wpcf7-submit has-spinner btn-gold\" type=\"submit\" value=\"Zapytaj o wolny termin\" \/>\n\t\t\t<\/p>\n\t\t<\/div>\n\t<\/div>\n<\/div><div class=\"wpcf7-response-output\" aria-hidden=\"true\"><\/div>\n<input type=\"hidden\" name=\"trp-form-language\" value=\"ua\"\/><\/form>\n<\/div>\n<\/div>\n\t\t\t\t\t\t<\/div>\n\t\t\t\t<\/div>\n\t\t\t\t<div class=\"elementor-element elementor-element-4429308 elementor-widget elementor-widget-spacer\" data-id=\"4429308\" data-element_type=\"widget\" data-widget_type=\"spacer.default\">\n\t\t\t\t<div class=\"elementor-widget-container\">\n\t\t\t\t\t\t\t<div class=\"elementor-spacer\">\n\t\t\t<div class=\"elementor-spacer-inner\"><\/div>\n\t\t<\/div>\n\t\t\t\t\t\t<\/div>\n\t\t\t\t<\/div>\n\t\t\t\t<div class=\"elementor-element elementor-element-9022e90 elementor-drop-cap-yes elementor-drop-cap-view-default elementor-widget elementor-widget-text-editor\" data-id=\"9022e90\" data-element_type=\"widget\" data-settings=\"{&quot;drop_cap&quot;:&quot;yes&quot;}\" data-widget_type=\"text-editor.default\">\n\t\t\t\t<div class=\"elementor-widget-container\">\n\t\t\t\t\t\t\t\t\t<h2>Lub um\u00f3w wizyt\u0119 bezpo\u015brednio do lekarza klikaj\u0105c w poni\u017cszy przycisk<\/h2>\t\t\t\t\t\t\t\t<\/div>\n\t\t\t\t<\/div>\n\t\t\t\t\t<\/div>\n\t\t<\/div>\n\t\t\t\t\t<\/div>\n\t\t<\/section>\n\t\t\t\t<section class=\"elementor-section elementor-top-section elementor-element elementor-element-f0010d1 elementor-section-boxed elementor-section-height-default elementor-section-height-default\" data-id=\"f0010d1\" data-element_type=\"section\">\n\t\t\t\t\t\t<div class=\"elementor-container elementor-column-gap-default\">\n\t\t\t\t\t<div class=\"elementor-column elementor-col-33 elementor-top-column elementor-element elementor-element-de55c58\" data-id=\"de55c58\" data-element_type=\"column\">\n\t\t\t<div class=\"elementor-widget-wrap elementor-element-populated\">\n\t\t\t\t\t\t<div class=\"elementor-element elementor-element-dbffdbe elementor-widget elementor-widget-html\" data-id=\"dbffdbe\" data-element_type=\"widget\" data-widget_type=\"html.default\">\n\t\t\t\t<div class=\"elementor-widget-container\">\n\t\t\t\t\t<button\n    class=\"btn-mydr-pp\"\n    data-doctor=\"\"\n    data-speciality=\"\"\n    data-visitkind=\"Prywatna\"\n    data-evisit=\"true\"\n    data-appname=\"drw\"\n    data-token=\"eyJhbGciOiJIUzI1NiIsInR5cCI6IkpXVCJ9.eyJmYWNpbGl0eV9pZCI6MjIwNzF9.Ldc2sMtzHyG2h-25h1WSTf4c_bs5pOnbJ2TO5GIVwdI\"\n>\n<\/button>\t\t\t\t<\/div>\n\t\t\t\t<\/div>\n\t\t\t\t\t<\/div>\n\t\t<\/div>\n\t\t\t\t<div class=\"elementor-column elementor-col-33 elementor-top-column elementor-element elementor-element-21c3f04\" data-id=\"21c3f04\" data-element_type=\"column\">\n\t\t\t<div class=\"elementor-widget-wrap elementor-element-populated\">\n\t\t\t\t\t\t<div class=\"elementor-element elementor-element-49b1ed6 elementor-widget elementor-widget-html\" data-id=\"49b1ed6\" data-element_type=\"widget\" data-widget_type=\"html.default\">\n\t\t\t\t<div class=\"elementor-widget-container\">\n\t\t\t\t\t<a class=\"zl-facility-url\" href=\"https:\/\/www.znanylekarz.pl\/placowki\/arbovita-medical-health-center\" rel=\"nofollow noopener\" data-zlw-facility=\"arbovita-medical-health-center\" data-zlw-type=\"facility-big-with-saas-only\" data-zlw-saas-only=\"true\">Arbovita Medical Health Center<\/a><script>!function($_x,_s,id){var js,fjs=$_x.getElementsByTagName(_s)[0];if(!$_x.getElementById(id)){js = $_x.createElement(_s);js.id = id;js.src = \"\/\/platform.docplanner.com\/js\/widget.js\";fjs.parentNode.insertBefore(js,fjs);}}(document,\"script\",\"zl-widget-s\");<\/script>\t\t\t\t<\/div>\n\t\t\t\t<\/div>\n\t\t\t\t\t<\/div>\n\t\t<\/div>\n\t\t\t\t<div class=\"elementor-column elementor-col-33 elementor-top-column elementor-element elementor-element-2033c29\" data-id=\"2033c29\" data-element_type=\"column\">\n\t\t\t<div class=\"elementor-widget-wrap elementor-element-populated\">\n\t\t\t\t\t\t<div class=\"elementor-element elementor-element-b2717f9 elementor-widget elementor-widget-html\" data-id=\"b2717f9\" data-element_type=\"widget\" data-widget_type=\"html.default\">\n\t\t\t\t<div class=\"elementor-widget-container\">\n\t\t\t\t\t<a class=\"zl-facility-url\" href=\"https:\/\/www.znanylekarz.pl\/placowki\/arbovita-medical-health-center\" rel=\"nofollow noopener\" data-zlw-facility=\"arbovita-medical-health-center\" data-zlw-type=\"certificate\" data-zlw-saas-only=\"true\">Arbovita Medical Health Center<\/a><script>!function($_x,_s,id){var js,fjs=$_x.getElementsByTagName(_s)[0];if(!$_x.getElementById(id)){js = $_x.createElement(_s);js.id = id;js.src = \"\/\/platform.docplanner.com\/js\/widget.js\";fjs.parentNode.insertBefore(js,fjs);}}(document,\"script\",\"zl-widget-s\");<\/script>\t\t\t\t<\/div>\n\t\t\t\t<\/div>\n\t\t\t\t\t<\/div>\n\t\t<\/div>\n\t\t\t\t\t<\/div>\n\t\t<\/section>\n\t\t\t\t<\/div>","protected":false},"excerpt":{"rendered":"<p>Korekcja ma\u0142\u017cowin usznych w Krakowie Zapewniamy kompleksowe us\u0142ugi z zakresu chirurgii Korekcja ma\u0142\u017cowin usznych \u2013 jak przebiega ten zabieg i o czym [&hellip;]<\/p>","protected":false},"author":7,"featured_media":0,"parent":1962,"menu_order":0,"comment_status":"closed","ping_status":"closed","template":"","meta":{"footnotes":""},"class_list":["post-2260","page","type-page","status-publish","hentry"],"_links":{"self":[{"href":"https:\/\/arbovitaclinic.com\/ua\/wp-json\/wp\/v2\/pages\/2260","targetHints":{"allow":["GET"]}}],"collection":[{"href":"https:\/\/arbovitaclinic.com\/ua\/wp-json\/wp\/v2\/pages"}],"about":[{"href":"https:\/\/arbovitaclinic.com\/ua\/wp-json\/wp\/v2\/types\/page"}],"author":[{"embeddable":true,"href":"https:\/\/arbovitaclinic.com\/ua\/wp-json\/wp\/v2\/users\/7"}],"replies":[{"embeddable":true,"href":"https:\/\/arbovitaclinic.com\/ua\/wp-json\/wp\/v2\/comments?post=2260"}],"version-history":[{"count":5,"href":"https:\/\/arbovitaclinic.com\/ua\/wp-json\/wp\/v2\/pages\/2260\/revisions"}],"predecessor-version":[{"id":2265,"href":"https:\/\/arbovitaclinic.com\/ua\/wp-json\/wp\/v2\/pages\/2260\/revisions\/2265"}],"up":[{"embeddable":true,"href":"https:\/\/arbovitaclinic.com\/ua\/wp-json\/wp\/v2\/pages\/1962"}],"wp:attachment":[{"href":"https:\/\/arbovitaclinic.com\/ua\/wp-json\/wp\/v2\/media?parent=2260"}],"curies":[{"name":"wp","href":"https:\/\/api.w.org\/{rel}","templated":true}]}}