{"id":2271,"date":"2025-08-05T14:52:23","date_gmt":"2025-08-05T12:52:23","guid":{"rendered":"https:\/\/arbovitaclinic.com\/?page_id=2271"},"modified":"2025-08-05T14:53:24","modified_gmt":"2025-08-05T12:53:24","slug":"konsultacja-psychiatryczna","status":"publish","type":"page","link":"https:\/\/arbovitaclinic.com\/ua\/psychiatria\/konsultacja-psychiatryczna\/","title":{"rendered":"Konsultacja psychiatryczna"},"content":{"rendered":"<div data-elementor-type=\"wp-page\" data-elementor-id=\"2271\" class=\"elementor elementor-2271\">\n\t\t\t\t\t\t<section class=\"elementor-section elementor-top-section elementor-element elementor-element-f0ed07b elementor-section-content-middle elementor-section-boxed elementor-section-height-default elementor-section-height-default\" data-id=\"f0ed07b\" data-element_type=\"section\" data-settings=\"{&quot;background_background&quot;:&quot;classic&quot;}\">\n\t\t\t\t\t\t\t<div class=\"elementor-background-overlay\"><\/div>\n\t\t\t\t\t\t\t<div class=\"elementor-container elementor-column-gap-no\">\n\t\t\t\t\t<div class=\"elementor-column elementor-col-100 elementor-top-column elementor-element elementor-element-1b52cfe\" data-id=\"1b52cfe\" data-element_type=\"column\">\n\t\t\t<div class=\"elementor-widget-wrap elementor-element-populated\">\n\t\t\t\t\t\t<div class=\"elementor-element elementor-element-4e4e754 elementor-widget elementor-widget-heading\" data-id=\"4e4e754\" data-element_type=\"widget\" data-widget_type=\"heading.default\">\n\t\t\t\t<div class=\"elementor-widget-container\">\n\t\t\t\t\t<h1 class=\"elementor-heading-title elementor-size-default\">Konsultacja psychiatryczna w Krakowie<\/h1>\t\t\t\t<\/div>\n\t\t\t\t<\/div>\n\t\t\t\t<div class=\"elementor-element elementor-element-36c1a2c elementor-widget elementor-widget-heading\" data-id=\"36c1a2c\" data-element_type=\"widget\" data-widget_type=\"heading.default\">\n\t\t\t\t<div class=\"elementor-widget-container\">\n\t\t\t\t\t<h5 class=\"elementor-heading-title elementor-size-default\">Zapewniamy kompleksowe us\u0142ugi z zakresu psychiatrii<\/h5>\t\t\t\t<\/div>\n\t\t\t\t<\/div>\n\t\t\t\t\t<\/div>\n\t\t<\/div>\n\t\t\t\t\t<\/div>\n\t\t<\/section>\n\t\t\t\t<section class=\"elementor-section elementor-top-section elementor-element elementor-element-1a50128 elementor-section-content-middle elementor-section-boxed elementor-section-height-default elementor-section-height-default\" data-id=\"1a50128\" data-element_type=\"section\">\n\t\t\t\t\t\t<div class=\"elementor-container elementor-column-gap-no\">\n\t\t\t\t\t<div class=\"elementor-column elementor-col-50 elementor-top-column elementor-element elementor-element-d670cb4\" data-id=\"d670cb4\" data-element_type=\"column\">\n\t\t\t<div class=\"elementor-widget-wrap elementor-element-populated\">\n\t\t\t\t\t\t<div class=\"elementor-element elementor-element-f613a07 elementor-widget elementor-widget-heading\" data-id=\"f613a07\" data-element_type=\"widget\" data-widget_type=\"heading.default\">\n\t\t\t\t<div class=\"elementor-widget-container\">\n\t\t\t\t\t<h2 class=\"elementor-heading-title elementor-size-default\">Konsultacja psychiatryczna \u2013 kiedy warto si\u0119 na ni\u0105 zdecydowa\u0107\n<\/h2>\t\t\t\t<\/div>\n\t\t\t\t<\/div>\n\t\t\t\t\t<\/div>\n\t\t<\/div>\n\t\t\t\t<div class=\"elementor-column elementor-col-50 elementor-top-column elementor-element elementor-element-13e6e86\" data-id=\"13e6e86\" data-element_type=\"column\">\n\t\t\t<div class=\"elementor-widget-wrap elementor-element-populated\">\n\t\t\t\t\t\t<div class=\"elementor-element elementor-element-d2cc906 elementor-widget elementor-widget-text-editor\" data-id=\"d2cc906\" data-element_type=\"widget\" data-widget_type=\"text-editor.default\">\n\t\t\t\t<div class=\"elementor-widget-container\">\n\t\t\t\t\t\t\t\t\t<p><span style=\"font-weight: 400;\">Ka\u017cdy z nas mo\u017ce w pewnym momencie \u017cycia potrzebowa\u0107 pomocy specjalisty zdrowia psychicznego. Konsultacja psychiatryczna to pierwszy krok na drodze do poprawy samopoczucia i lepszego funkcjonowania na co dzie\u0144. Warto zdecydowa\u0107 si\u0119 na tak\u0105 wizyt\u0119, gdy odczuwasz niepok\u00f3j, obni\u017cony nastr\u00f3j, bezsenno\u015b\u0107, nadmierny stres lub trudno\u015bci w relacjach z innymi. To tak\u017ce rozwi\u0105zanie dla os\u00f3b zmagaj\u0105cych si\u0119 z przewlek\u0142ym zm\u0119czeniem, spadkiem motywacji czy problemami z koncentracj\u0105.<\/span><\/p><p><span style=\"font-weight: 400;\">Nie musisz czeka\u0107, a\u017c objawy si\u0119 nasil\u0105. Wczesne skorzystanie z konsultacji psychiatrycznej mo\u017ce zapobiec powa\u017cniejszym trudno\u015bciom emocjonalnym i psychicznym. W naszej przychodni otaczamy pacjent\u00f3w trosk\u0105 i zrozumieniem, bo wiemy, jak delikatn\u0105 i wa\u017cn\u0105 sfer\u0105 \u017cycia jest zdrowie psychiczne. Pami\u0119taj \u2013 zg\u0142oszenie si\u0119 po pomoc to oznaka si\u0142y, nie s\u0142abo\u015bci.<\/span><\/p>\t\t\t\t\t\t\t\t<\/div>\n\t\t\t\t<\/div>\n\t\t\t\t\t<\/div>\n\t\t<\/div>\n\t\t\t\t\t<\/div>\n\t\t<\/section>\n\t\t\t\t<section class=\"elementor-section elementor-top-section elementor-element elementor-element-95bd934 elementor-section-content-middle elementor-section-boxed elementor-section-height-default elementor-section-height-default\" data-id=\"95bd934\" data-element_type=\"section\">\n\t\t\t\t\t\t<div class=\"elementor-container elementor-column-gap-no\">\n\t\t\t\t\t<div class=\"elementor-column elementor-col-50 elementor-top-column elementor-element elementor-element-0cb5077\" data-id=\"0cb5077\" data-element_type=\"column\">\n\t\t\t<div class=\"elementor-widget-wrap elementor-element-populated\">\n\t\t\t\t\t\t<div class=\"elementor-element elementor-element-d10fb49 elementor-widget elementor-widget-heading\" data-id=\"d10fb49\" data-element_type=\"widget\" data-widget_type=\"heading.default\">\n\t\t\t\t<div class=\"elementor-widget-container\">\n\t\t\t\t\t<h2 class=\"elementor-heading-title elementor-size-default\">Jak przebiega konsultacja psychiatryczna w naszej przychodni\n<\/h2>\t\t\t\t<\/div>\n\t\t\t\t<\/div>\n\t\t\t\t\t<\/div>\n\t\t<\/div>\n\t\t\t\t<div class=\"elementor-column elementor-col-50 elementor-top-column elementor-element elementor-element-fdb42a4\" data-id=\"fdb42a4\" data-element_type=\"column\">\n\t\t\t<div class=\"elementor-widget-wrap elementor-element-populated\">\n\t\t\t\t\t\t<div class=\"elementor-element elementor-element-3340ba3 elementor-widget elementor-widget-text-editor\" data-id=\"3340ba3\" data-element_type=\"widget\" data-widget_type=\"text-editor.default\">\n\t\t\t\t<div class=\"elementor-widget-container\">\n\t\t\t\t\t\t\t\t\t<p><span style=\"font-weight: 400;\">Zdajemy sobie spraw\u0119, \u017ce dla wielu os\u00f3b pierwsza wizyta u psychiatry mo\u017ce budzi\u0107 stres i niepok\u00f3j. Dlatego dbamy o to, aby ka\u017cda konsultacja psychiatryczna w naszej przychodni odbywa\u0142a si\u0119 w atmosferze zaufania i bezpiecze\u0144stwa.<\/span><\/p><p><span style=\"font-weight: 400;\">W trakcie spotkania lekarz psychiatra przeprowadzi z Tob\u0105 rozmow\u0119, podczas kt\u00f3rej om\u00f3wi Twoje samopoczucie, dolegliwo\u015bci, ewentualne wcze\u015bniejsze leczenie oraz sytuacj\u0119 \u017cyciow\u0105. To czas, w kt\u00f3rym mo\u017cesz otwarcie m\u00f3wi\u0107 o swoich odczuciach i problemach, bez obawy o ocen\u0119. W razie potrzeby lekarz mo\u017ce zaproponowa\u0107 odpowiednie leczenie farmakologiczne lub skierowa\u0107 na psychoterapi\u0119.<\/span><\/p><p><span style=\"font-weight: 400;\">Wa\u017cne jest, \u017ce nie ka\u017cda wizyta ko\u0144czy si\u0119 przepisaniem lek\u00f3w. Cz\u0119sto sama rozmowa i wskazanie nowych sposob\u00f3w radzenia sobie z trudno\u015bciami przynosz\u0105 du\u017c\u0105 ulg\u0119. Nasz zesp\u00f3\u0142 stawia na indywidualne podej\u015bcie do ka\u017cdej osoby, uwzgl\u0119dniaj\u0105c Twoje potrzeby i oczekiwania.<\/span><\/p>\t\t\t\t\t\t\t\t<\/div>\n\t\t\t\t<\/div>\n\t\t\t\t\t<\/div>\n\t\t<\/div>\n\t\t\t\t\t<\/div>\n\t\t<\/section>\n\t\t\t\t<section class=\"elementor-section elementor-top-section elementor-element elementor-element-1904561 elementor-section-content-middle elementor-section-boxed elementor-section-height-default elementor-section-height-default\" data-id=\"1904561\" data-element_type=\"section\">\n\t\t\t\t\t\t<div class=\"elementor-container elementor-column-gap-no\">\n\t\t\t\t\t<div class=\"elementor-column elementor-col-50 elementor-top-column elementor-element elementor-element-3514c81\" data-id=\"3514c81\" data-element_type=\"column\">\n\t\t\t<div class=\"elementor-widget-wrap elementor-element-populated\">\n\t\t\t\t\t\t<div class=\"elementor-element elementor-element-1afef46 elementor-widget elementor-widget-heading\" data-id=\"1afef46\" data-element_type=\"widget\" data-widget_type=\"heading.default\">\n\t\t\t\t<div class=\"elementor-widget-container\">\n\t\t\t\t\t<h2 class=\"elementor-heading-title elementor-size-default\">Ile kosztuje konsultacja psychiatryczna pierwsza i kolejna\n<\/h2>\t\t\t\t<\/div>\n\t\t\t\t<\/div>\n\t\t\t\t\t<\/div>\n\t\t<\/div>\n\t\t\t\t<div class=\"elementor-column elementor-col-50 elementor-top-column elementor-element elementor-element-f8440da\" data-id=\"f8440da\" data-element_type=\"column\">\n\t\t\t<div class=\"elementor-widget-wrap elementor-element-populated\">\n\t\t\t\t\t\t<div class=\"elementor-element elementor-element-77d4fb2 elementor-widget elementor-widget-text-editor\" data-id=\"77d4fb2\" data-element_type=\"widget\" data-widget_type=\"text-editor.default\">\n\t\t\t\t<div class=\"elementor-widget-container\">\n\t\t\t\t\t\t\t\t\t<p><span style=\"font-weight: 400;\">Zdajemy sobie spraw\u0119, \u017ce wiele os\u00f3b zastanawia si\u0119 nad kosztami wizyty u psychiatry. W naszej przychodni cena pierwszej konsultacji psychiatrycznej oraz kolejnych wizyt jest przejrzysta i jasno okre\u015blona.<\/span><\/p><p><span style=\"font-weight: 400;\">Pierwsza konsultacja jest zazwyczaj d\u0142u\u017csza i kosztuje 370 z\u0142otych.<\/span><\/p><p><span style=\"font-weight: 400;\">Koszt pierwszej wizyty to zwykle kwota wy\u017csza ni\u017c w przypadku wizyt kontrolnych, kt\u00f3re s\u0105 kr\u00f3tsze i skupiaj\u0105 si\u0119 na monitorowaniu post\u0119p\u00f3w leczenia lub zmianie zalece\u0144. Faktycznie druga wizyta u naszego specjalisty to koszt 270 z\u0142otych.<\/span><\/p><p><span style=\"font-weight: 400;\">Aktualny cennik mo\u017cesz sprawdzi\u0107 kontaktuj\u0105c si\u0119 z nami telefonicznie lub na stronie internetowej. Zale\u017cy nam na tym, aby ka\u017cdy pacjent mia\u0142 dost\u0119p do pomocy na jasnych i uczciwych warunkach.<\/span><\/p><p><span style=\"font-weight: 400;\">Pami\u0119taj \u2013 inwestycja w zdrowie psychiczne to jedna z najwa\u017cniejszych decyzji, jakie mo\u017cesz podj\u0105\u0107 dla siebie i swojego dobrostanu. Jeste\u015bmy tu, by Ci w tym pom\u00f3c.<\/span><\/p>\t\t\t\t\t\t\t\t<\/div>\n\t\t\t\t<\/div>\n\t\t\t\t\t<\/div>\n\t\t<\/div>\n\t\t\t\t\t<\/div>\n\t\t<\/section>\n\t\t\t\t<section class=\"elementor-section elementor-top-section elementor-element elementor-element-be540e5 elementor-section-boxed elementor-section-height-default elementor-section-height-default\" data-id=\"be540e5\" data-element_type=\"section\">\n\t\t\t\t\t\t<div class=\"elementor-container elementor-column-gap-default\">\n\t\t\t\t\t<div class=\"elementor-column elementor-col-100 elementor-top-column elementor-element elementor-element-ca3257b\" data-id=\"ca3257b\" data-element_type=\"column\">\n\t\t\t<div class=\"elementor-widget-wrap elementor-element-populated\">\n\t\t\t\t\t\t<div class=\"elementor-element elementor-element-1682a6c elementor-widget elementor-widget-spacer\" data-id=\"1682a6c\" data-element_type=\"widget\" data-widget_type=\"spacer.default\">\n\t\t\t\t<div class=\"elementor-widget-container\">\n\t\t\t\t\t\t\t<div class=\"elementor-spacer\">\n\t\t\t<div class=\"elementor-spacer-inner\"><\/div>\n\t\t<\/div>\n\t\t\t\t\t\t<\/div>\n\t\t\t\t<\/div>\n\t\t\t\t\t<\/div>\n\t\t<\/div>\n\t\t\t\t\t<\/div>\n\t\t<\/section>\n\t\t\t\t<section class=\"elementor-section elementor-top-section elementor-element elementor-element-c74db4a elementor-section-boxed elementor-section-height-default elementor-section-height-default\" data-id=\"c74db4a\" data-element_type=\"section\">\n\t\t\t\t\t\t<div class=\"elementor-container elementor-column-gap-default\">\n\t\t\t\t\t<div class=\"elementor-column elementor-col-100 elementor-top-column elementor-element elementor-element-dfa54d9\" data-id=\"dfa54d9\" data-element_type=\"column\">\n\t\t\t<div class=\"elementor-widget-wrap elementor-element-populated\">\n\t\t\t\t\t\t<div class=\"elementor-element elementor-element-33fae25 elementor-widget elementor-widget-heading\" data-id=\"33fae25\" data-element_type=\"widget\" data-widget_type=\"heading.default\">\n\t\t\t\t<div class=\"elementor-widget-container\">\n\t\t\t\t\t<h2 class=\"elementor-heading-title elementor-size-default\">Um\u00f3w wizyt\u0119:<\/h2>\t\t\t\t<\/div>\n\t\t\t\t<\/div>\n\t\t\t\t\t<\/div>\n\t\t<\/div>\n\t\t\t\t\t<\/div>\n\t\t<\/section>\n\t\t\t\t<section class=\"elementor-section elementor-top-section elementor-element elementor-element-567881c elementor-section-boxed elementor-section-height-default elementor-section-height-default\" data-id=\"567881c\" data-element_type=\"section\">\n\t\t\t\t\t\t<div class=\"elementor-container elementor-column-gap-default\">\n\t\t\t\t\t<div class=\"elementor-column elementor-col-100 elementor-top-column elementor-element elementor-element-c2bd242\" data-id=\"c2bd242\" data-element_type=\"column\" data-settings=\"{&quot;background_background&quot;:&quot;classic&quot;}\">\n\t\t\t<div class=\"elementor-widget-wrap elementor-element-populated\">\n\t\t\t\t\t\t<div class=\"elementor-element elementor-element-529d938 elementor-widget elementor-widget-spacer\" data-id=\"529d938\" data-element_type=\"widget\" data-widget_type=\"spacer.default\">\n\t\t\t\t<div class=\"elementor-widget-container\">\n\t\t\t\t\t\t\t<div class=\"elementor-spacer\">\n\t\t\t<div class=\"elementor-spacer-inner\"><\/div>\n\t\t<\/div>\n\t\t\t\t\t\t<\/div>\n\t\t\t\t<\/div>\n\t\t\t\t<div class=\"elementor-element elementor-element-53be1d8 elementor-widget elementor-widget-shortcode\" data-id=\"53be1d8\" data-element_type=\"widget\" data-widget_type=\"shortcode.default\">\n\t\t\t\t<div class=\"elementor-widget-container\">\n\t\t\t\t\t\t\t<div class=\"elementor-shortcode\">\n<div class=\"wpcf7 no-js\" id=\"wpcf7-f405-o1\" lang=\"pl-PL\" dir=\"ltr\" data-wpcf7-id=\"405\">\n<div class=\"screen-reader-response\"><p role=\"status\" aria-live=\"polite\" aria-atomic=\"true\"><\/p> <ul><\/ul><\/div>\n<form action=\"\/ua\/wp-json\/wp\/v2\/pages\/2271#wpcf7-f405-o1\" method=\"post\" class=\"wpcf7-form init\" aria-label=\"Formularz kontaktowy\" novalidate=\"novalidate\" data-status=\"init\" data-trp-original-action=\"\/ua\/wp-json\/wp\/v2\/pages\/2271#wpcf7-f405-o1\">\n<fieldset class=\"hidden-fields-container\"><input type=\"hidden\" name=\"_wpcf7\" value=\"405\" \/><input type=\"hidden\" name=\"_wpcf7_version\" value=\"6.1.1\" \/><input type=\"hidden\" name=\"_wpcf7_locale\" value=\"pl_PL\" \/><input type=\"hidden\" name=\"_wpcf7_unit_tag\" value=\"wpcf7-f405-o1\" \/><input type=\"hidden\" name=\"_wpcf7_container_post\" value=\"0\" \/><input type=\"hidden\" name=\"_wpcf7_posted_data_hash\" value=\"\" \/><input type=\"hidden\" name=\"_wpcf7_recaptcha_response\" value=\"\" \/>\n<\/fieldset>\n<div class=\"container\">\n\t<div class=\"row mb-4\">\n\t\t<div class=\"col col-12\">\n\t\t\t<p><span class=\"wpcf7-form-control-wrap\" data-name=\"doctor\"><select class=\"wpcf7-form-control wpcf7-select wpcf7-validates-as-required form-control\" aria-required=\"true\" aria-invalid=\"false\" name=\"doctor\"><option value=\"Wybierz lekarza\">Wybierz lekarza<\/option><option value=\"Monika \u015alusarczyk-Pi\u00f3rek (endokrynologia)\">Monika \u015alusarczyk-Pi\u00f3rek (endokrynologia)<\/option><option value=\"Tetiana Zakharchuk (psychiatria)\">Tetiana Zakharchuk (psychiatria)<\/option><option value=\"Tetiana Demyda (pediatria)\">Tetiana Demyda (pediatria)<\/option><option value=\"Jakub Szczerba (Ortopedia,Chirurgia urazowo-ortopedyczna)\">Jakub Szczerba (Ortopedia,Chirurgia urazowo-ortopedyczna)<\/option><option value=\"Karol Nowak (kardiologia)\">Karol Nowak (kardiologia)<\/option><option value=\"Lesia Vovnianko (psychiatria)\">Lesia Vovnianko (psychiatria)<\/option><option value=\"Olesia Parashchuk (psychiatria)\">Olesia Parashchuk (psychiatria)<\/option><option value=\"Olga Sobczak (otolaryngologia)\">Olga Sobczak (otolaryngologia)<\/option><option value=\"Oleksander Soroka (ortopedia)\">Oleksander Soroka (ortopedia)<\/option><option value=\"Anna Tarczy\u0144ska (ginekologia i po\u0142o\u017cnictwo)\">Anna Tarczy\u0144ska (ginekologia i po\u0142o\u017cnictwo)<\/option><option value=\"Viacheslav Biletskyi (POZ, kardiologia)\">Viacheslav Biletskyi (POZ, kardiologia)<\/option><option value=\"Konrad St\u0119pie\u0144 (kardiologia)\">Konrad St\u0119pie\u0144 (kardiologia)<\/option><option value=\"Nikulina Nataliia (neurologia)\">Nikulina Nataliia (neurologia)<\/option><option value=\"Gabriela Blat (fizjoterapia)\">Gabriela Blat (fizjoterapia)<\/option><option value=\"Olena Yermolina (ginekologia)\">Olena Yermolina (ginekologia)<\/option><option value=\"Yuliia Demchenko (dermatologia)\">Yuliia Demchenko (dermatologia)<\/option><option value=\"Anastasiia Shcherbatiuk (pediatria)\">Anastasiia Shcherbatiuk (pediatria)<\/option><option value=\"mgr Maria Przyborowska-Sapek (dietetyk)\">mgr Maria Przyborowska-Sapek (dietetyk)<\/option><option value=\"Anna Tsvietkova-Kaniuk (pediatria, medycyna rodzinna)\">Anna Tsvietkova-Kaniuk (pediatria, medycyna rodzinna)<\/option><option value=\"Denys Diachuk (urologia)\">Denys Diachuk (urologia)<\/option><option value=\"Anhzelika Diachuk (ginekologia, medycyna estetyczna)\">Anhzelika Diachuk (ginekologia, medycyna estetyczna)<\/option><option value=\"Diana Pawluk-\u015aliwi\u0144ska (medycyna estetyczna)\">Diana Pawluk-\u015aliwi\u0144ska (medycyna estetyczna)<\/option><option value=\"Krzysztof \u015aliwi\u0144ski (chirurgia szcz\u0119kowo-twarzowa)\">Krzysztof \u015aliwi\u0144ski (chirurgia szcz\u0119kowo-twarzowa)<\/option><option value=\"Anna Ko\u017alik (logopeda)\">Anna Ko\u017alik (logopeda)<\/option><option value=\"Marcin Wilk (chirurgia estetczna)\">Marcin Wilk (chirurgia estetczna)<\/option><\/select><\/span>\n\t\t\t<\/p>\n\t\t<\/div>\n\t<\/div>\n\t<div class=\"row\">\n\t\t<div class=\"col col-6\">\n\t\t\t<p><span class=\"wpcf7-form-control-wrap\" data-name=\"firstname\"><input size=\"40\" maxlength=\"400\" class=\"wpcf7-form-control wpcf7-text wpcf7-validates-as-required form-control\" aria-required=\"true\" aria-invalid=\"false\" placeholder=\"\u0406\u043c&#039;\u044f\" value=\"\" type=\"text\" name=\"firstname\" \/><\/span>\n\t\t\t<\/p>\n\t\t<\/div>\n\t\t<div class=\"col col-6\">\n\t\t\t<p><span class=\"wpcf7-form-control-wrap\" data-name=\"surname\"><input size=\"40\" maxlength=\"400\" class=\"wpcf7-form-control wpcf7-text wpcf7-validates-as-required form-control\" aria-required=\"true\" aria-invalid=\"false\" placeholder=\"\u041f\u0440\u0456\u0437\u0432\u0438\u0449\u0435\" value=\"\" type=\"text\" name=\"surname\" \/><\/span>\n\t\t\t<\/p>\n\t\t<\/div>\n\t<\/div>\n\t<div class=\"row\">\n\t\t<div class=\"col col-6\">\n\t\t\t<p><span class=\"wpcf7-form-control-wrap\" data-name=\"phone\"><input size=\"40\" maxlength=\"400\" class=\"wpcf7-form-control wpcf7-text wpcf7-validates-as-required form-control\" aria-required=\"true\" aria-invalid=\"false\" placeholder=\"\u0442\u0435\u043b\u0435\u0444\u043e\u043d\" value=\"\" type=\"text\" name=\"phone\" \/><\/span>\n\t\t\t<\/p>\n\t\t<\/div>\n\t\t<div class=\"col col-6\">\n\t\t\t<p><span class=\"wpcf7-form-control-wrap\" data-name=\"mail\"><input size=\"40\" maxlength=\"400\" class=\"wpcf7-form-control wpcf7-email wpcf7-validates-as-required wpcf7-text wpcf7-validates-as-email form-control\" aria-required=\"true\" aria-invalid=\"false\" placeholder=\"\u0415\u043b\u0435\u043a\u0442\u0440\u043e\u043d\u043d\u0430 \u043f\u043e\u0448\u0442\u0430\" value=\"\" type=\"email\" name=\"mail\" \/><\/span>\n\t\t\t<\/p>\n\t\t<\/div>\n\t<\/div>\n\t<div class=\"row\">\n\t\t<div class=\"col col-12\">\n\t\t\t<p><input class=\"wpcf7-form-control wpcf7-submit has-spinner btn-gold\" type=\"submit\" value=\"Zapytaj o wolny termin\" \/>\n\t\t\t<\/p>\n\t\t<\/div>\n\t<\/div>\n<\/div><div class=\"wpcf7-response-output\" aria-hidden=\"true\"><\/div>\n<input type=\"hidden\" name=\"trp-form-language\" value=\"ua\"\/><\/form>\n<\/div>\n<\/div>\n\t\t\t\t\t\t<\/div>\n\t\t\t\t<\/div>\n\t\t\t\t<div class=\"elementor-element elementor-element-4429308 elementor-widget elementor-widget-spacer\" data-id=\"4429308\" data-element_type=\"widget\" data-widget_type=\"spacer.default\">\n\t\t\t\t<div class=\"elementor-widget-container\">\n\t\t\t\t\t\t\t<div class=\"elementor-spacer\">\n\t\t\t<div class=\"elementor-spacer-inner\"><\/div>\n\t\t<\/div>\n\t\t\t\t\t\t<\/div>\n\t\t\t\t<\/div>\n\t\t\t\t<div class=\"elementor-element elementor-element-9022e90 elementor-drop-cap-yes elementor-drop-cap-view-default elementor-widget elementor-widget-text-editor\" data-id=\"9022e90\" data-element_type=\"widget\" data-settings=\"{&quot;drop_cap&quot;:&quot;yes&quot;}\" data-widget_type=\"text-editor.default\">\n\t\t\t\t<div class=\"elementor-widget-container\">\n\t\t\t\t\t\t\t\t\t<h2>Lub um\u00f3w wizyt\u0119 bezpo\u015brednio do lekarza klikaj\u0105c w poni\u017cszy przycisk<\/h2>\t\t\t\t\t\t\t\t<\/div>\n\t\t\t\t<\/div>\n\t\t\t\t\t<\/div>\n\t\t<\/div>\n\t\t\t\t\t<\/div>\n\t\t<\/section>\n\t\t\t\t<section class=\"elementor-section elementor-top-section elementor-element elementor-element-f0010d1 elementor-section-boxed elementor-section-height-default elementor-section-height-default\" data-id=\"f0010d1\" data-element_type=\"section\">\n\t\t\t\t\t\t<div class=\"elementor-container elementor-column-gap-default\">\n\t\t\t\t\t<div class=\"elementor-column elementor-col-33 elementor-top-column elementor-element elementor-element-de55c58\" data-id=\"de55c58\" data-element_type=\"column\">\n\t\t\t<div class=\"elementor-widget-wrap elementor-element-populated\">\n\t\t\t\t\t\t<div class=\"elementor-element elementor-element-dbffdbe elementor-widget elementor-widget-html\" data-id=\"dbffdbe\" data-element_type=\"widget\" data-widget_type=\"html.default\">\n\t\t\t\t<div class=\"elementor-widget-container\">\n\t\t\t\t\t<button\n    class=\"btn-mydr-pp\"\n    data-doctor=\"\"\n    data-speciality=\"\"\n    data-visitkind=\"Prywatna\"\n    data-evisit=\"true\"\n    data-appname=\"drw\"\n    data-token=\"eyJhbGciOiJIUzI1NiIsInR5cCI6IkpXVCJ9.eyJmYWNpbGl0eV9pZCI6MjIwNzF9.Ldc2sMtzHyG2h-25h1WSTf4c_bs5pOnbJ2TO5GIVwdI\"\n>\n<\/button>\t\t\t\t<\/div>\n\t\t\t\t<\/div>\n\t\t\t\t\t<\/div>\n\t\t<\/div>\n\t\t\t\t<div class=\"elementor-column elementor-col-33 elementor-top-column elementor-element elementor-element-21c3f04\" data-id=\"21c3f04\" data-element_type=\"column\">\n\t\t\t<div class=\"elementor-widget-wrap elementor-element-populated\">\n\t\t\t\t\t\t<div class=\"elementor-element elementor-element-49b1ed6 elementor-widget elementor-widget-html\" data-id=\"49b1ed6\" data-element_type=\"widget\" data-widget_type=\"html.default\">\n\t\t\t\t<div class=\"elementor-widget-container\">\n\t\t\t\t\t<a class=\"zl-facility-url\" href=\"https:\/\/www.znanylekarz.pl\/placowki\/arbovita-medical-health-center\" rel=\"nofollow noopener\" data-zlw-facility=\"arbovita-medical-health-center\" data-zlw-type=\"facility-big-with-saas-only\" data-zlw-saas-only=\"true\">Arbovita Medical Health Center<\/a><script>!function($_x,_s,id){var js,fjs=$_x.getElementsByTagName(_s)[0];if(!$_x.getElementById(id)){js = $_x.createElement(_s);js.id = id;js.src = \"\/\/platform.docplanner.com\/js\/widget.js\";fjs.parentNode.insertBefore(js,fjs);}}(document,\"script\",\"zl-widget-s\");<\/script>\t\t\t\t<\/div>\n\t\t\t\t<\/div>\n\t\t\t\t\t<\/div>\n\t\t<\/div>\n\t\t\t\t<div class=\"elementor-column elementor-col-33 elementor-top-column elementor-element elementor-element-2033c29\" data-id=\"2033c29\" data-element_type=\"column\">\n\t\t\t<div class=\"elementor-widget-wrap elementor-element-populated\">\n\t\t\t\t\t\t<div class=\"elementor-element elementor-element-b2717f9 elementor-widget elementor-widget-html\" data-id=\"b2717f9\" data-element_type=\"widget\" data-widget_type=\"html.default\">\n\t\t\t\t<div class=\"elementor-widget-container\">\n\t\t\t\t\t<a class=\"zl-facility-url\" href=\"https:\/\/www.znanylekarz.pl\/placowki\/arbovita-medical-health-center\" rel=\"nofollow noopener\" data-zlw-facility=\"arbovita-medical-health-center\" data-zlw-type=\"certificate\" data-zlw-saas-only=\"true\">Arbovita Medical Health Center<\/a><script>!function($_x,_s,id){var js,fjs=$_x.getElementsByTagName(_s)[0];if(!$_x.getElementById(id)){js = $_x.createElement(_s);js.id = id;js.src = \"\/\/platform.docplanner.com\/js\/widget.js\";fjs.parentNode.insertBefore(js,fjs);}}(document,\"script\",\"zl-widget-s\");<\/script>\t\t\t\t<\/div>\n\t\t\t\t<\/div>\n\t\t\t\t\t<\/div>\n\t\t<\/div>\n\t\t\t\t\t<\/div>\n\t\t<\/section>\n\t\t\t\t<\/div>","protected":false},"excerpt":{"rendered":"<p>Konsultacja psychiatryczna w Krakowie Zapewniamy kompleksowe us\u0142ugi z zakresu psychiatrii Konsultacja psychiatryczna \u2013 kiedy warto si\u0119 na ni\u0105 zdecydowa\u0107 Ka\u017cdy z nas [&hellip;]<\/p>","protected":false},"author":7,"featured_media":0,"parent":1513,"menu_order":0,"comment_status":"closed","ping_status":"closed","template":"","meta":{"footnotes":""},"class_list":["post-2271","page","type-page","status-publish","hentry"],"_links":{"self":[{"href":"https:\/\/arbovitaclinic.com\/ua\/wp-json\/wp\/v2\/pages\/2271","targetHints":{"allow":["GET"]}}],"collection":[{"href":"https:\/\/arbovitaclinic.com\/ua\/wp-json\/wp\/v2\/pages"}],"about":[{"href":"https:\/\/arbovitaclinic.com\/ua\/wp-json\/wp\/v2\/types\/page"}],"author":[{"embeddable":true,"href":"https:\/\/arbovitaclinic.com\/ua\/wp-json\/wp\/v2\/users\/7"}],"replies":[{"embeddable":true,"href":"https:\/\/arbovitaclinic.com\/ua\/wp-json\/wp\/v2\/comments?post=2271"}],"version-history":[{"count":5,"href":"https:\/\/arbovitaclinic.com\/ua\/wp-json\/wp\/v2\/pages\/2271\/revisions"}],"predecessor-version":[{"id":2276,"href":"https:\/\/arbovitaclinic.com\/ua\/wp-json\/wp\/v2\/pages\/2271\/revisions\/2276"}],"up":[{"embeddable":true,"href":"https:\/\/arbovitaclinic.com\/ua\/wp-json\/wp\/v2\/pages\/1513"}],"wp:attachment":[{"href":"https:\/\/arbovitaclinic.com\/ua\/wp-json\/wp\/v2\/media?parent=2271"}],"curies":[{"name":"wp","href":"https:\/\/api.w.org\/{rel}","templated":true}]}}